{"id":53033,"date":"2025-03-27T14:17:09","date_gmt":"2025-03-27T13:17:09","guid":{"rendered":"https:\/\/www.epicerie-lasource.org\/magasin\/?post_type=product&#038;p=53033"},"modified":"2026-04-02T15:22:02","modified_gmt":"2026-04-02T13:22:02","slug":"rillettes-de-maquereau-aux-oignons-roses-de-bretagne-et-poivre-de-sao-tome-100gr","status":"publish","type":"product","link":"https:\/\/www.epicerie-lasource.org\/magasin\/produit\/rillettes-de-maquereau-aux-oignons-roses-de-bretagne-et-poivre-de-sao-tome-100gr\/","title":{"rendered":"Rillettes de maquereau aux oignons ros\u00e9s de Bretagne et poivre de Sao Tom\u00e9 &#8211; 100gr"},"content":{"rendered":"","protected":false},"excerpt":{"rendered":"<p>Les poissons bleus (sardines, maquereaux\u2026) propos\u00e9s par Pointe de Penmarc\u2019h sont p\u00each\u00e9s de fa\u00e7on responsable. Cela permet de pr\u00e9server les fonds marins, d\u2019obtenir des poissons de qualit\u00e9 et de ne pas cr\u00e9er de dommages aux esp\u00e8ces prot\u00e9g\u00e9es. Les rillettes de maquereau fournissent une mani\u00e8re originale de consommer ces poissons riches en nutriments. Pourquoi ne pas faire d\u00e9couvrir cette recette \u00e9tonnante \u00e0 vos amis en l\u2019offrant pour un ap\u00e9ritif\u2009? Elle peut \u00e9galement \u00eatre associ\u00e9e avec d\u2019autres produits \u00e0 tartiner audacieux, comme le d\u00e9lice de sardine au whisky breton ou les rillettes de langoustine aux cocos de Paimpol et aux oignons ros\u00e9s de Bretagne, dans un cadeau inattendu pour les f\u00eates.<\/p>\n<p>Ingr\u00e9dients:<br \/>\nMAQUEREAU* (Scomber scombrus) 55%, eau, CR\u00c8ME, MOUTARDE de Dijon (eau, graines de MOUTARDE, vinaigre d&rsquo;alcool, sel), oignons ros\u00e9s de Bretagne 4,8%, poivre noir de Sao Tom\u00e9 (Piper nigrum) 1,1%, farine de riz, blanc d\u2019\u0153uf en poudre, fibres de citrons, sel de Gu\u00e9rande. Peut contenir des traces de CEREALES. *P\u00each\u00e9 en Oc\u00e9an Atlantique Nord-Est.<\/p>\n","protected":false},"featured_media":53034,"comment_status":"closed","ping_status":"closed","template":"","meta":[],"product_cat":[652,449],"product_tag":[],"supplier_id":24938,"supplier_sku":"","atum_controlled":true,"out_stock_date":null,"out_stock_threshold":null,"inheritable":false,"inbound_stock":null,"stock_on_hold":0,"sold_today":0,"sales_last_days":1,"out_stock_days":0,"lost_sales":0,"has_location":false,"update_date":"2026-04-08T22:11:44","atum_locations":[],"atum_stock_status":"instock","restock_status":false,"low_stock_amount":"","sales_update_date":"2026-04-08T22:11:44","calc_backorders":0,"_links":{"self":[{"href":"https:\/\/www.epicerie-lasource.org\/magasin\/wp-json\/wp\/v2\/product\/53033"}],"collection":[{"href":"https:\/\/www.epicerie-lasource.org\/magasin\/wp-json\/wp\/v2\/product"}],"about":[{"href":"https:\/\/www.epicerie-lasource.org\/magasin\/wp-json\/wp\/v2\/types\/product"}],"replies":[{"embeddable":true,"href":"https:\/\/www.epicerie-lasource.org\/magasin\/wp-json\/wp\/v2\/comments?post=53033"}],"wp:featuredmedia":[{"embeddable":true,"href":"https:\/\/www.epicerie-lasource.org\/magasin\/wp-json\/wp\/v2\/media\/53034"}],"wp:attachment":[{"href":"https:\/\/www.epicerie-lasource.org\/magasin\/wp-json\/wp\/v2\/media?parent=53033"}],"wp:term":[{"taxonomy":"product_cat","embeddable":true,"href":"https:\/\/www.epicerie-lasource.org\/magasin\/wp-json\/wp\/v2\/product_cat?post=53033"},{"taxonomy":"product_tag","embeddable":true,"href":"https:\/\/www.epicerie-lasource.org\/magasin\/wp-json\/wp\/v2\/product_tag?post=53033"}],"curies":[{"name":"wp","href":"https:\/\/api.w.org\/{rel}","templated":true}]}}