{"id":52644,"date":"2025-03-13T15:48:01","date_gmt":"2025-03-13T14:48:01","guid":{"rendered":"https:\/\/www.epicerie-lasource.org\/magasin\/?post_type=product&#038;p=52644"},"modified":"2026-04-20T20:16:30","modified_gmt":"2026-04-20T18:16:30","slug":"the-chai-lextravagant-bio-les-filles-de-louest-33-cl","status":"publish","type":"product","link":"https:\/\/www.epicerie-lasource.org\/magasin\/produit\/the-chai-lextravagant-bio-les-filles-de-louest-33-cl\/","title":{"rendered":"Th\u00e9 Chai l&rsquo;Extravagant bio &#8211; Les Filles de l&rsquo;Ouest &#8211; 33 cl"},"content":{"rendered":"","protected":false},"excerpt":{"rendered":"<p class=\"p1\"><b>LE THE CHAI L\u2019EXTRAVAGANT VOUS SURPRENDRA PAR SON AUDACE ! <\/b><\/p>\n<p class=\"p1\">Traditionnel en Inde, le Cha\u00ef (th\u00e9 en Hindi) est un savoureux m\u00e9lange de th\u00e9 noir et d\u2019\u00e9pices. De la cannelle, de l\u2019anis, du clou de girofle, de la cardamome et du poivre pour r\u00e9veiller vos papilles et vous faire voyager ! En version glac\u00e9e, nous avons r\u00e9alis\u00e9 notre propre assemblage en s\u00e9lectionnant les mati\u00e8res les plus nobles !<\/p>\n<p><strong>Ingr\u00e9dients :<br \/>\n<\/strong><\/p>\n<p class=\"p1\">Infusion de th\u00e9 noir**et \u00e9pices* ( cannelle**, hibiscus, anis, cardamome, gingembre, clou de girofle**, poivre**) (93,8%), jus de citron*, sirop d\u2019agave*, pasteuris\u00e9. *Produit issu de l\u2019agriculture biologique ** Issu du commerce \u00e9quitable<\/p>\n<p class=\"p1\">Sans colorant et sans conservateur, issu de l\u2019agriculture biologique.<\/p>\n","protected":false},"featured_media":52820,"comment_status":"closed","ping_status":"closed","template":"","meta":[],"product_cat":[652,22,681],"product_tag":[],"supplier_id":23768,"supplier_sku":"","atum_controlled":true,"out_stock_date":null,"out_stock_threshold":null,"inheritable":false,"inbound_stock":null,"stock_on_hold":0,"sold_today":0,"sales_last_days":1,"out_stock_days":0,"lost_sales":0,"has_location":false,"update_date":"2026-05-05T22:30:25","atum_locations":[],"atum_stock_status":"onbackorder","restock_status":false,"low_stock_amount":"","sales_update_date":"2026-05-05T22:30:25","calc_backorders":-1,"_links":{"self":[{"href":"https:\/\/www.epicerie-lasource.org\/magasin\/wp-json\/wp\/v2\/product\/52644"}],"collection":[{"href":"https:\/\/www.epicerie-lasource.org\/magasin\/wp-json\/wp\/v2\/product"}],"about":[{"href":"https:\/\/www.epicerie-lasource.org\/magasin\/wp-json\/wp\/v2\/types\/product"}],"replies":[{"embeddable":true,"href":"https:\/\/www.epicerie-lasource.org\/magasin\/wp-json\/wp\/v2\/comments?post=52644"}],"wp:featuredmedia":[{"embeddable":true,"href":"https:\/\/www.epicerie-lasource.org\/magasin\/wp-json\/wp\/v2\/media\/52820"}],"wp:attachment":[{"href":"https:\/\/www.epicerie-lasource.org\/magasin\/wp-json\/wp\/v2\/media?parent=52644"}],"wp:term":[{"taxonomy":"product_cat","embeddable":true,"href":"https:\/\/www.epicerie-lasource.org\/magasin\/wp-json\/wp\/v2\/product_cat?post=52644"},{"taxonomy":"product_tag","embeddable":true,"href":"https:\/\/www.epicerie-lasource.org\/magasin\/wp-json\/wp\/v2\/product_tag?post=52644"}],"curies":[{"name":"wp","href":"https:\/\/api.w.org\/{rel}","templated":true}]}}