{"id":52636,"date":"2025-03-13T14:34:46","date_gmt":"2025-03-13T13:34:46","guid":{"rendered":"https:\/\/www.epicerie-lasource.org\/magasin\/?post_type=product&#038;p=52636"},"modified":"2025-09-22T16:01:54","modified_gmt":"2025-09-22T14:01:54","slug":"paprika-fume-en-poudre-bio-reemploi-id-bio-40-g","status":"publish","type":"product","link":"https:\/\/www.epicerie-lasource.org\/magasin\/produit\/paprika-fume-en-poudre-bio-reemploi-id-bio-40-g\/","title":{"rendered":"Paprika Fum\u00e9 en poudre Bio (r\u00e9emploi) &#8211; ID Bio &#8211; 40 g"},"content":{"rendered":"","protected":false},"excerpt":{"rendered":"<p>Paprika fum\u00e9 bio poudre<br \/>\n<em>Origine Espagne<\/em><\/p>\n<p>C<span class=\"\">e piment doux ou encore poivron est mis dans un s\u00e9choir en brique, o\u00f9 il pourra s\u00e9cher doucement au-dessus d\u2019un feu de bois qui lui donnera tout son go\u00fbt et son parfum si caract\u00e9ristiques.<br \/>\nUne fois que le poivron a perdu toute son humidit\u00e9, on passe \u00e0 l\u2019\u00e9tape de broyage au moulin, pour le r\u00e9duire en poudre.<br \/>\nSa belle couleur permet de donner du peps \u00e0 de nombreuses pr\u00e9parations.<br \/>\nIl est tr\u00e8s appr\u00e9ci\u00e9 dans les recettes v\u00e9g\u00e9tariennes.<br \/>\n<\/span><\/p>\n<p><span class=\"\">Nous vous le conseillons pour aromatiser un houmous de pois chiche, des viandes et l\u00e9gumes \u00e0 griller, avec des patates douces r\u00f4ties, du fromage frais, mais aussi sur du poisson, il rentre d\u2019ailleurs dans la composition du saumon fum\u00e9.<\/span><\/p>\n<p><span class=\"\"><br \/>\nVous l\u2019aurez compris, il s\u2019utilise \u00e0 l\u2019infini.<br \/>\nUne fois go\u00fbt\u00e9, il est difficile de ne pas en saupoudrer partout.<\/span><\/p>\n<p><span class=\"\">\u00a0<\/span><\/p>\n","protected":false},"featured_media":52821,"comment_status":"closed","ping_status":"closed","template":"","meta":[],"product_cat":[652,63,704],"product_tag":[],"supplier_id":23768,"supplier_sku":"","atum_controlled":true,"out_stock_date":"2025-09-22 14:01:54","out_stock_threshold":null,"inheritable":false,"inbound_stock":null,"stock_on_hold":0,"sold_today":0,"sales_last_days":0,"out_stock_days":226,"lost_sales":97.502857142857,"has_location":false,"update_date":"2026-05-06T22:28:39","atum_locations":[],"atum_stock_status":"onbackorder","restock_status":false,"low_stock_amount":"","sales_update_date":"2026-05-06T22:28:39","calc_backorders":0,"_links":{"self":[{"href":"https:\/\/www.epicerie-lasource.org\/magasin\/wp-json\/wp\/v2\/product\/52636"}],"collection":[{"href":"https:\/\/www.epicerie-lasource.org\/magasin\/wp-json\/wp\/v2\/product"}],"about":[{"href":"https:\/\/www.epicerie-lasource.org\/magasin\/wp-json\/wp\/v2\/types\/product"}],"replies":[{"embeddable":true,"href":"https:\/\/www.epicerie-lasource.org\/magasin\/wp-json\/wp\/v2\/comments?post=52636"}],"wp:featuredmedia":[{"embeddable":true,"href":"https:\/\/www.epicerie-lasource.org\/magasin\/wp-json\/wp\/v2\/media\/52821"}],"wp:attachment":[{"href":"https:\/\/www.epicerie-lasource.org\/magasin\/wp-json\/wp\/v2\/media?parent=52636"}],"wp:term":[{"taxonomy":"product_cat","embeddable":true,"href":"https:\/\/www.epicerie-lasource.org\/magasin\/wp-json\/wp\/v2\/product_cat?post=52636"},{"taxonomy":"product_tag","embeddable":true,"href":"https:\/\/www.epicerie-lasource.org\/magasin\/wp-json\/wp\/v2\/product_tag?post=52636"}],"curies":[{"name":"wp","href":"https:\/\/api.w.org\/{rel}","templated":true}]}}