{"id":52233,"date":"2025-08-07T09:12:17","date_gmt":"2025-08-07T07:12:17","guid":{"rendered":"https:\/\/www.epicerie-lasource.org\/magasin\/?post_type=product&#038;p=52233"},"modified":"2026-01-01T19:31:32","modified_gmt":"2026-01-01T18:31:32","slug":"bain-dogre-american-strong-ale-thiriez-10","status":"publish","type":"product","link":"https:\/\/www.epicerie-lasource.org\/magasin\/produit\/bain-dogre-american-strong-ale-thiriez-10\/","title":{"rendered":"Bain d&rsquo;Ogre &#8211; American Strong Ale &#8211; Thiriez- 10%"},"content":{"rendered":"","protected":false},"excerpt":{"rendered":"<p>American Strong Ale 10%<br \/>\nElle se caract\u00e9rise par sa richesse , sa puissance et sa complexit\u00e9 : 10% d&rsquo;alcool et goulument houblonn\u00e9e (Eldorado, Chinook, Nugget, Simcoe)<\/p>\n","protected":false},"featured_media":52234,"comment_status":"open","ping_status":"closed","template":"","meta":[],"product_cat":[652,22,474],"product_tag":[],"supplier_id":23770,"supplier_sku":"","atum_controlled":true,"out_stock_date":null,"out_stock_threshold":null,"inheritable":false,"inbound_stock":null,"stock_on_hold":0,"sold_today":0,"sales_last_days":0,"out_stock_days":0,"lost_sales":0,"has_location":false,"update_date":"2026-05-05T22:31:22","atum_locations":[],"atum_stock_status":"instock","restock_status":false,"low_stock_amount":"","sales_update_date":"2026-05-05T22:31:21","calc_backorders":0,"_links":{"self":[{"href":"https:\/\/www.epicerie-lasource.org\/magasin\/wp-json\/wp\/v2\/product\/52233"}],"collection":[{"href":"https:\/\/www.epicerie-lasource.org\/magasin\/wp-json\/wp\/v2\/product"}],"about":[{"href":"https:\/\/www.epicerie-lasource.org\/magasin\/wp-json\/wp\/v2\/types\/product"}],"replies":[{"embeddable":true,"href":"https:\/\/www.epicerie-lasource.org\/magasin\/wp-json\/wp\/v2\/comments?post=52233"}],"wp:featuredmedia":[{"embeddable":true,"href":"https:\/\/www.epicerie-lasource.org\/magasin\/wp-json\/wp\/v2\/media\/52234"}],"wp:attachment":[{"href":"https:\/\/www.epicerie-lasource.org\/magasin\/wp-json\/wp\/v2\/media?parent=52233"}],"wp:term":[{"taxonomy":"product_cat","embeddable":true,"href":"https:\/\/www.epicerie-lasource.org\/magasin\/wp-json\/wp\/v2\/product_cat?post=52233"},{"taxonomy":"product_tag","embeddable":true,"href":"https:\/\/www.epicerie-lasource.org\/magasin\/wp-json\/wp\/v2\/product_tag?post=52233"}],"curies":[{"name":"wp","href":"https:\/\/api.w.org\/{rel}","templated":true}]}}