{"id":52142,"date":"2025-02-20T12:18:26","date_gmt":"2025-02-20T11:18:26","guid":{"rendered":"https:\/\/www.epicerie-lasource.org\/magasin\/?post_type=product&#038;p=52142"},"modified":"2026-01-16T20:00:30","modified_gmt":"2026-01-16T19:00:30","slug":"savon-artisanal-parfume-huiles-aloe-citronne-lune","status":"publish","type":"product","link":"https:\/\/www.epicerie-lasource.org\/magasin\/produit\/savon-artisanal-parfume-huiles-aloe-citronne-lune\/","title":{"rendered":"Savon Artisanal Parfum\u00e9 Huiles Alo\u00eb Citronn\u00e9 LUNE"},"content":{"rendered":"","protected":false},"excerpt":{"rendered":"<p><strong>ODEUR AGRUME\/CITRONNEE<\/strong><\/p>\n<p>&nbsp;<\/p>\n<p><strong>A base d\u2019huile d\u2019olive bio, d\u2019huile de coco bio, d&rsquo;Aloe Vera d&rsquo;Espira (Pyr\u00e9n\u00e9es-Orientales)\u00a0( Onctueuse, nourrissante, apaisante, photoprotectrice), d&rsquo;huiles essentielles\u00a0de Lemongrass bio (Tonifiante, anti-bact\u00e9rien, anti-inflammatoire et g\u00e9n\u00e9rant cutan\u00e9e)\u00a0, Citron bio (Stimulante, antimicrobien) et C\u00e9dre de bois bio. Ocre\u00a0jaune et oxyde verte\u00a0(Pigments min\u00e9rales).<\/strong><\/p>\n<p>Ingr\u00e9dients:<br \/>\nSodium Olivate*, Sodium Cocoate*,Aqua, Glycerin, Aloe Barbadensis Leaf Juice**, Cymbopogon Flexuosus Oil*, Citrus Limon Peel Oil*, Cedrus Atlantica Bark Oil*, CI77288 , Kaolin, CI77492, Xanthan Gum, Leuconostoc\/Radish Root FermentFiltrate, Citric Acid, Citral, Citronellol, Geraniol, Limonene, Linalool,<\/p>\n<p>*Issus de l&rsquo;Agriculture Biologique.<\/p>\n","protected":false},"featured_media":0,"comment_status":"closed","ping_status":"closed","template":"","meta":[],"product_cat":[731,207],"product_tag":[],"supplier_id":29134,"supplier_sku":"","atum_controlled":true,"out_stock_date":null,"out_stock_threshold":null,"inheritable":false,"inbound_stock":null,"stock_on_hold":0,"sold_today":0,"sales_last_days":0,"out_stock_days":0,"lost_sales":0,"has_location":false,"update_date":"2026-04-13T22:13:37","atum_locations":[],"atum_stock_status":"instock","restock_status":false,"low_stock_amount":"","sales_update_date":"2026-04-13T22:13:37","calc_backorders":0,"_links":{"self":[{"href":"https:\/\/www.epicerie-lasource.org\/magasin\/wp-json\/wp\/v2\/product\/52142"}],"collection":[{"href":"https:\/\/www.epicerie-lasource.org\/magasin\/wp-json\/wp\/v2\/product"}],"about":[{"href":"https:\/\/www.epicerie-lasource.org\/magasin\/wp-json\/wp\/v2\/types\/product"}],"replies":[{"embeddable":true,"href":"https:\/\/www.epicerie-lasource.org\/magasin\/wp-json\/wp\/v2\/comments?post=52142"}],"wp:attachment":[{"href":"https:\/\/www.epicerie-lasource.org\/magasin\/wp-json\/wp\/v2\/media?parent=52142"}],"wp:term":[{"taxonomy":"product_cat","embeddable":true,"href":"https:\/\/www.epicerie-lasource.org\/magasin\/wp-json\/wp\/v2\/product_cat?post=52142"},{"taxonomy":"product_tag","embeddable":true,"href":"https:\/\/www.epicerie-lasource.org\/magasin\/wp-json\/wp\/v2\/product_tag?post=52142"}],"curies":[{"name":"wp","href":"https:\/\/api.w.org\/{rel}","templated":true}]}}