{"id":52081,"date":"2025-02-19T11:14:11","date_gmt":"2025-02-19T10:14:11","guid":{"rendered":"https:\/\/www.epicerie-lasource.org\/magasin\/?post_type=product&#038;p=52081"},"modified":"2026-04-15T16:55:00","modified_gmt":"2026-04-15T14:55:00","slug":"vrac-guimauves-oursons-chocolat-au-lait","status":"publish","type":"product","link":"https:\/\/www.epicerie-lasource.org\/magasin\/produit\/vrac-guimauves-oursons-chocolat-au-lait\/","title":{"rendered":"Vrac- Guimauves oursons chocolat au Lait"},"content":{"rendered":"","protected":false},"excerpt":{"rendered":"<p><strong>Guimauves enrob\u00e9es de chocolat au lait<\/strong><\/p>\n<p><strong>Ingr\u00e9dients : <\/strong>Sirop de glucose-fructose, chocolat au lait 30% (sucre, beurre de cacao, p\u00e2te de cacao, LAIT entier en poudre, \u00e9mulsifiant : l\u00e9cithines de SOJA, ar\u00f4me naturel de vanille), sirop de glucose, sucre, g\u00e9latine, ar\u00f4me.<br \/>\n<span class=\"allergenes_produit\">Les ingr\u00e9dients renseign\u00e9s en majuscule attestent des allerg\u00e8nes pr\u00e9sents dans le ou les produits.<br \/>\n<\/span><strong>Valeurs nutritionnelles<br \/>\n<\/strong>Energie 1698kJ \/ 403kcal,<br \/>\nMati\u00e8res grasses 10g dont acides gras satur\u00e9s 6.4g,<br \/>\nGlucides 74g dont sucres 56g,<br \/>\nProt\u00e9ines 3.7g,<br \/>\nSel 0.06g<\/p>\n<p><span class=\"allergenes_produit\">\u00a0<\/span><\/p>\n","protected":false},"featured_media":23959,"comment_status":"closed","ping_status":"closed","template":"","meta":[],"product_cat":[715,64,691],"product_tag":[],"supplier_id":null,"supplier_sku":"","atum_controlled":true,"out_stock_date":null,"out_stock_threshold":null,"inheritable":true,"inbound_stock":null,"stock_on_hold":0,"sold_today":0,"sales_last_days":1,"out_stock_days":0,"lost_sales":0,"has_location":false,"update_date":"2026-04-28T22:24:05","atum_locations":[],"atum_stock_status":"outofstock","restock_status":false,"low_stock_amount":"","sales_update_date":"2026-04-28T22:24:05","calc_backorders":null,"_links":{"self":[{"href":"https:\/\/www.epicerie-lasource.org\/magasin\/wp-json\/wp\/v2\/product\/52081"}],"collection":[{"href":"https:\/\/www.epicerie-lasource.org\/magasin\/wp-json\/wp\/v2\/product"}],"about":[{"href":"https:\/\/www.epicerie-lasource.org\/magasin\/wp-json\/wp\/v2\/types\/product"}],"replies":[{"embeddable":true,"href":"https:\/\/www.epicerie-lasource.org\/magasin\/wp-json\/wp\/v2\/comments?post=52081"}],"wp:featuredmedia":[{"embeddable":true,"href":"https:\/\/www.epicerie-lasource.org\/magasin\/wp-json\/wp\/v2\/media\/23959"}],"wp:attachment":[{"href":"https:\/\/www.epicerie-lasource.org\/magasin\/wp-json\/wp\/v2\/media?parent=52081"}],"wp:term":[{"taxonomy":"product_cat","embeddable":true,"href":"https:\/\/www.epicerie-lasource.org\/magasin\/wp-json\/wp\/v2\/product_cat?post=52081"},{"taxonomy":"product_tag","embeddable":true,"href":"https:\/\/www.epicerie-lasource.org\/magasin\/wp-json\/wp\/v2\/product_tag?post=52081"}],"curies":[{"name":"wp","href":"https:\/\/api.w.org\/{rel}","templated":true}]}}