{"id":51700,"date":"2025-02-03T18:20:02","date_gmt":"2025-02-03T17:20:02","guid":{"rendered":"https:\/\/www.epicerie-lasource.org\/magasin\/?post_type=product&#038;p=51700"},"modified":"2026-04-10T16:08:08","modified_gmt":"2026-04-10T14:08:08","slug":"preparation-veggie-burger-original-sans-soja-250-g","status":"publish","type":"product","link":"https:\/\/www.epicerie-lasource.org\/magasin\/produit\/preparation-veggie-burger-original-sans-soja-250-g\/","title":{"rendered":"Pr\u00e9paration veggie burger original sans soja 250 g"},"content":{"rendered":"","protected":false},"excerpt":{"rendered":"<p>Pour 3 unit\u00e9s : M\u00e9langer 50g de la pr\u00e9paration avec 50 ml d&rsquo;eau chaude. Laisser hydrater 15 min. Moulez le burger \u00e0 la taille que vous souhaitez. Faites chauffer une po\u00eale avec un filet d&rsquo;huile d&rsquo;olive et faites cuire les burgers des deux c\u00f4t\u00e9s jusqu&rsquo;\u00e0 ce qu&rsquo;ils soient croustillants.<\/p>\n<p>Pr\u00e9chauffer le four \u00e0 180\u00b0C. Placer les burgers sur une plaque tapiss\u00e9e de papier sulfuris\u00e9 et cuire environ 20-25 minutes. Optionnel: Servir avec du houmous, de la salade et des frites de patates douces.<\/p>\n<p>Ingr\u00e9dients : Teff moulu*, flocons d&rsquo;avoine (sans gluten)*, prot\u00e9ines de pois textur\u00e9es*, carotte en morceaux*, farine d&rsquo;avoine (sans gluten)*, graines de sarrasin*, graines de tournesol*, levure nutritionnelle (Saccharomyces cerevisiae inactive, thiamine (B1), riboflavine (B2), niacine (B3), acide pantoth\u00e9nique (B5), pyridoxine (B6), biotine (B7), folate(B9), cobalamine (B12) et sulfate de zinc), graines de lin moulues*, tomate en poudre*, oignons en morceaux*, fleur de sel, ail en poudre* et poivre noir*.<\/p>\n","protected":false},"featured_media":51701,"comment_status":"closed","ping_status":"closed","template":"","meta":[],"product_cat":[731,774,652,63,707],"product_tag":[],"supplier_id":48659,"supplier_sku":"","atum_controlled":true,"out_stock_date":null,"out_stock_threshold":null,"inheritable":false,"inbound_stock":null,"stock_on_hold":0,"sold_today":0,"sales_last_days":2,"out_stock_days":0,"lost_sales":0,"has_location":false,"update_date":"2026-04-13T22:13:12","atum_locations":[],"atum_stock_status":"instock","restock_status":false,"low_stock_amount":"","sales_update_date":"2026-04-13T22:13:12","calc_backorders":null,"_links":{"self":[{"href":"https:\/\/www.epicerie-lasource.org\/magasin\/wp-json\/wp\/v2\/product\/51700"}],"collection":[{"href":"https:\/\/www.epicerie-lasource.org\/magasin\/wp-json\/wp\/v2\/product"}],"about":[{"href":"https:\/\/www.epicerie-lasource.org\/magasin\/wp-json\/wp\/v2\/types\/product"}],"replies":[{"embeddable":true,"href":"https:\/\/www.epicerie-lasource.org\/magasin\/wp-json\/wp\/v2\/comments?post=51700"}],"wp:featuredmedia":[{"embeddable":true,"href":"https:\/\/www.epicerie-lasource.org\/magasin\/wp-json\/wp\/v2\/media\/51701"}],"wp:attachment":[{"href":"https:\/\/www.epicerie-lasource.org\/magasin\/wp-json\/wp\/v2\/media?parent=51700"}],"wp:term":[{"taxonomy":"product_cat","embeddable":true,"href":"https:\/\/www.epicerie-lasource.org\/magasin\/wp-json\/wp\/v2\/product_cat?post=51700"},{"taxonomy":"product_tag","embeddable":true,"href":"https:\/\/www.epicerie-lasource.org\/magasin\/wp-json\/wp\/v2\/product_tag?post=51700"}],"curies":[{"name":"wp","href":"https:\/\/api.w.org\/{rel}","templated":true}]}}