{"id":51630,"date":"2025-01-31T13:37:54","date_gmt":"2025-01-31T12:37:54","guid":{"rendered":"https:\/\/www.epicerie-lasource.org\/magasin\/?post_type=product&#038;p=51630"},"modified":"2026-04-27T17:54:11","modified_gmt":"2026-04-27T15:54:11","slug":"miel-de-garrigue-500-grs","status":"publish","type":"product","link":"https:\/\/www.epicerie-lasource.org\/magasin\/produit\/miel-de-garrigue-500-grs\/","title":{"rendered":"Miel de Garrigue 250 grs"},"content":{"rendered":"","protected":false},"excerpt":{"rendered":"<p>Le miel de garrigue, avec son go\u00fbt typique de la r\u00e9gion m\u00e9diterran\u00e9enne, rappelle bien la Provence, son territoire d\u2019origine. Une aire qui voit fleurir une vari\u00e9t\u00e9 de plantes qui se retrouve dans la plupart des miels de la garrigue. Et qui dit garrigue dit romarin, thym, lavande &#8230; des plantes embl\u00e9matiques de la r\u00e9gion.<\/p>\n<p>&#8211; Le romarin : avec ses belles fleurs bleues violettes, riches en oligo\u00e9l\u00e9ments, c\u2019est une plante qui apporte de la douceur au miel de garrigue.<\/p>\n<p>&#8211; Le thym : il est connu pour ses vertus m\u00e9dicinales et sa saveur puissante.<\/p>\n<p>&#8211; La lavande : elle marque le miel de garrigue de saveurs \u00e0 la fois fruit\u00e9es et douces qui persistent dans la bouche<\/p>\n<p>&#8211; Autres plantes mellif\u00e8res : la sarriette, l\u2019origan et le bupl\u00e8vre.<\/p>\n<p>&nbsp;<\/p>\n<p>A<img loading=\"lazy\" decoding=\"async\" class=\"alignleft size-thumbnail wp-image-2059\" src=\"https:\/\/www.epicerie-lasource.org\/magasin\/wp-content\/uploads\/2019\/11\/logo-gpgr-100x100.png\" alt=\"\" width=\"100\" height=\"100\" \/>piculteur membre de la GRF<br \/>\n(Gel\u00e9e Royale Fran\u00e7aise)<\/p>\n","protected":false},"featured_media":51737,"comment_status":"open","ping_status":"closed","template":"","meta":[],"product_cat":[652,64,697],"product_tag":[],"supplier_id":24937,"supplier_sku":"","atum_controlled":true,"out_stock_date":"2026-04-27 15:54:11","out_stock_threshold":null,"inheritable":false,"inbound_stock":null,"stock_on_hold":1,"sold_today":0,"sales_last_days":1,"out_stock_days":1,"lost_sales":0.85,"has_location":false,"update_date":"2026-04-28T22:23:39","atum_locations":[],"atum_stock_status":"onbackorder","restock_status":false,"low_stock_amount":"","sales_update_date":"2026-04-28T22:23:39","calc_backorders":0,"_links":{"self":[{"href":"https:\/\/www.epicerie-lasource.org\/magasin\/wp-json\/wp\/v2\/product\/51630"}],"collection":[{"href":"https:\/\/www.epicerie-lasource.org\/magasin\/wp-json\/wp\/v2\/product"}],"about":[{"href":"https:\/\/www.epicerie-lasource.org\/magasin\/wp-json\/wp\/v2\/types\/product"}],"replies":[{"embeddable":true,"href":"https:\/\/www.epicerie-lasource.org\/magasin\/wp-json\/wp\/v2\/comments?post=51630"}],"wp:featuredmedia":[{"embeddable":true,"href":"https:\/\/www.epicerie-lasource.org\/magasin\/wp-json\/wp\/v2\/media\/51737"}],"wp:attachment":[{"href":"https:\/\/www.epicerie-lasource.org\/magasin\/wp-json\/wp\/v2\/media?parent=51630"}],"wp:term":[{"taxonomy":"product_cat","embeddable":true,"href":"https:\/\/www.epicerie-lasource.org\/magasin\/wp-json\/wp\/v2\/product_cat?post=51630"},{"taxonomy":"product_tag","embeddable":true,"href":"https:\/\/www.epicerie-lasource.org\/magasin\/wp-json\/wp\/v2\/product_tag?post=51630"}],"curies":[{"name":"wp","href":"https:\/\/api.w.org\/{rel}","templated":true}]}}