{"id":50459,"date":"2024-12-16T19:10:57","date_gmt":"2024-12-16T18:10:57","guid":{"rendered":"https:\/\/www.epicerie-lasource.org\/magasin\/?post_type=product&#038;p=50459"},"modified":"2026-04-24T13:51:25","modified_gmt":"2026-04-24T11:51:25","slug":"pur-jus-dorange-goji-et-acerola-bio-btl-75cl","status":"publish","type":"product","link":"https:\/\/www.epicerie-lasource.org\/magasin\/produit\/pur-jus-dorange-goji-et-acerola-bio-btl-75cl\/","title":{"rendered":"Pur jus d&rsquo;orange goji et ac\u00e9rola BIO btl 75cl"},"content":{"rendered":"","protected":false},"excerpt":{"rendered":"<div class=\"row\">\n<div class=\"col-xs-12\">\n<hr class=\"separateur_horizontal_fin\" \/>\n<\/div>\n<\/div>\n<div class=\"row\">\n<div class=\"ingredients col-print-4 col-md-4\">\n<h2 class=\"\">JUS MULTIFRUITS ISSU DE L&rsquo;AGRICULTURE BIOLOGIQUE<\/h2>\n<h2 class=\"\">INGR\u00c9DIENTS<\/h2>\n<div class=\"\">\n<p>jus d&rsquo;orange\u00a0(82%), jus de goji (8%), jus d&rsquo;ac\u00e9rola\u00a0(7%), jus de fruits de la passion\u00a0(3%).<\/p>\n<p><span class=\"allergenes_produit\">Les ingr\u00e9dients renseign\u00e9s en majuscule attestent des allerg\u00e8nes pr\u00e9sents dans le ou les produits.<\/span><\/p>\n<\/div>\n<\/div>\n<div class=\"valeurs_nutritionnelles col-print-4 col-md-4\">\n<h2 class=\"\">VALEURS NUTRITIONNELLES<\/h2>\n<div class=\"\">\n<p>Valeurs \u00e9nerg\u00e9tiques et nutritionnelles moyennes pour 100ml:<\/p>\n<p>Energie 169kJ \/ 40Kcal,<\/p>\n<p>Mati\u00e8res grasses 0.2g dont acide gras satur\u00e9s 0.0g,<\/p>\n<p>Glucides 8.6g dont sucres 8.5g,<\/p>\n<p>Prot\u00e9ines 0.8g,<\/p>\n<p>Sel &lt; 0.01g.<\/p>\n<\/div>\n<\/div>\n<\/div>\n","protected":false},"featured_media":50460,"comment_status":"closed","ping_status":"closed","template":"","meta":[],"product_cat":[652,22,475],"product_tag":[],"supplier_id":null,"supplier_sku":"","atum_controlled":true,"out_stock_date":null,"out_stock_threshold":null,"inheritable":false,"inbound_stock":null,"stock_on_hold":0,"sold_today":0,"sales_last_days":1,"out_stock_days":0,"lost_sales":0,"has_location":false,"update_date":"2026-05-04T22:29:49","atum_locations":[],"atum_stock_status":"outofstock","restock_status":false,"low_stock_amount":"","sales_update_date":"2026-05-04T22:29:49","calc_backorders":null,"_links":{"self":[{"href":"https:\/\/www.epicerie-lasource.org\/magasin\/wp-json\/wp\/v2\/product\/50459"}],"collection":[{"href":"https:\/\/www.epicerie-lasource.org\/magasin\/wp-json\/wp\/v2\/product"}],"about":[{"href":"https:\/\/www.epicerie-lasource.org\/magasin\/wp-json\/wp\/v2\/types\/product"}],"replies":[{"embeddable":true,"href":"https:\/\/www.epicerie-lasource.org\/magasin\/wp-json\/wp\/v2\/comments?post=50459"}],"wp:featuredmedia":[{"embeddable":true,"href":"https:\/\/www.epicerie-lasource.org\/magasin\/wp-json\/wp\/v2\/media\/50460"}],"wp:attachment":[{"href":"https:\/\/www.epicerie-lasource.org\/magasin\/wp-json\/wp\/v2\/media?parent=50459"}],"wp:term":[{"taxonomy":"product_cat","embeddable":true,"href":"https:\/\/www.epicerie-lasource.org\/magasin\/wp-json\/wp\/v2\/product_cat?post=50459"},{"taxonomy":"product_tag","embeddable":true,"href":"https:\/\/www.epicerie-lasource.org\/magasin\/wp-json\/wp\/v2\/product_tag?post=50459"}],"curies":[{"name":"wp","href":"https:\/\/api.w.org\/{rel}","templated":true}]}}