{"id":50457,"date":"2024-12-16T18:47:15","date_gmt":"2024-12-16T17:47:15","guid":{"rendered":"https:\/\/www.epicerie-lasource.org\/magasin\/?post_type=product&#038;p=50457"},"modified":"2026-04-22T16:06:04","modified_gmt":"2026-04-22T14:06:04","slug":"prosecco-brut-doc-bio-75cl","status":"publish","type":"product","link":"https:\/\/www.epicerie-lasource.org\/magasin\/produit\/prosecco-brut-doc-bio-75cl\/","title":{"rendered":"Prosecco brut DOC bio 75cl"},"content":{"rendered":"","protected":false},"excerpt":{"rendered":"<div class=\"row\">\n<div class=\"col-xs-12\">\n<hr class=\"separateur_horizontal_fin\" \/>\n<\/div>\n<\/div>\n<div class=\"row\">\n<div class=\"ingredients col-print-4 col-md-4\">\n<h2 class=\"\">PROSECCO SPUMANTE BRUT BIO<\/h2>\n<h2 class=\"\">DESCRIPTIF<\/h2>\n<div class=\"\">\n<p>R\u00e9gion: Italie<\/p>\n<p>Adjectifs : Expressif, Rond<\/p>\n<p>C\u00e9pages : 100% Glera<\/p>\n<p>Caract\u00e9ristiques de d\u00e9gustation: Nez agr\u00e9able et typiquement fruit\u00e9 avec des notes de pomme. En bouche le vin est plaisant, ample et d\u00e9cisif, avec des notes de poire et de pomme et une finale l\u00e9g\u00e8rement amande<\/p>\n<p><span class=\"allergenes_produit\">Les ingr\u00e9dients renseign\u00e9s en majuscule attestent des allerg\u00e8nes pr\u00e9sents dans le ou les produits.<\/span><\/p>\n<\/div>\n<\/div>\n<div class=\"valeurs_nutritionnelles col-print-4 col-md-4\">\n<h2 class=\"\">CONSEILS ET INFO CONSO<\/h2>\n<div class=\"\">\n<p>Accords mets-vins : Excellent ap\u00e9ritif, il accompagne finement les plats de poissons et les crudit\u00e9s de fruits de mer. Essayez-le aussi avec les fromages moyennement affin\u00e9s<\/p>\n<\/div>\n<\/div>\n<\/div>\n","protected":false},"featured_media":50458,"comment_status":"closed","ping_status":"closed","template":"","meta":[],"product_cat":[652,22,683],"product_tag":[],"supplier_id":null,"supplier_sku":"","atum_controlled":true,"out_stock_date":null,"out_stock_threshold":null,"inheritable":false,"inbound_stock":null,"stock_on_hold":0,"sold_today":0,"sales_last_days":5,"out_stock_days":0,"lost_sales":0,"has_location":false,"update_date":"2026-05-05T22:30:28","atum_locations":[],"atum_stock_status":"onbackorder","restock_status":false,"low_stock_amount":1,"sales_update_date":"2026-05-05T22:30:28","calc_backorders":-8,"_links":{"self":[{"href":"https:\/\/www.epicerie-lasource.org\/magasin\/wp-json\/wp\/v2\/product\/50457"}],"collection":[{"href":"https:\/\/www.epicerie-lasource.org\/magasin\/wp-json\/wp\/v2\/product"}],"about":[{"href":"https:\/\/www.epicerie-lasource.org\/magasin\/wp-json\/wp\/v2\/types\/product"}],"replies":[{"embeddable":true,"href":"https:\/\/www.epicerie-lasource.org\/magasin\/wp-json\/wp\/v2\/comments?post=50457"}],"wp:featuredmedia":[{"embeddable":true,"href":"https:\/\/www.epicerie-lasource.org\/magasin\/wp-json\/wp\/v2\/media\/50458"}],"wp:attachment":[{"href":"https:\/\/www.epicerie-lasource.org\/magasin\/wp-json\/wp\/v2\/media?parent=50457"}],"wp:term":[{"taxonomy":"product_cat","embeddable":true,"href":"https:\/\/www.epicerie-lasource.org\/magasin\/wp-json\/wp\/v2\/product_cat?post=50457"},{"taxonomy":"product_tag","embeddable":true,"href":"https:\/\/www.epicerie-lasource.org\/magasin\/wp-json\/wp\/v2\/product_tag?post=50457"}],"curies":[{"name":"wp","href":"https:\/\/api.w.org\/{rel}","templated":true}]}}