{"id":50030,"date":"2024-11-28T16:35:25","date_gmt":"2024-11-28T15:35:25","guid":{"rendered":"https:\/\/www.epicerie-lasource.org\/magasin\/?post_type=product&#038;p=50030"},"modified":"2025-10-03T12:26:07","modified_gmt":"2025-10-03T10:26:07","slug":"cannelle-en-tuyau-bio-id-bio-40gr","status":"publish","type":"product","link":"https:\/\/www.epicerie-lasource.org\/magasin\/produit\/cannelle-en-tuyau-bio-id-bio-40gr\/","title":{"rendered":"Cannelle en tuyau bio &#8211; ID Bio 40gr"},"content":{"rendered":"","protected":false},"excerpt":{"rendered":"<p>La cannelle en tuyau poss\u00e8de des ar\u00f4mes tr\u00e8s doux et chauds.<br \/>\nEn tuyaux, appel\u00e9e aussi en b\u00e2tons ou rouleaux, elle est tr\u00e8s pratique et facile \u00e0 utiliser en mijotage ou infusion.<br \/>\nEt si la cannelle est connue depuis l\u2019antiquit\u00e9 pour ses propri\u00e9t\u00e9s culinaires, elle est aussi pour ses vertus sur la sant\u00e9 (renforce le syst\u00e8me immunitaire, antioxydante \u2026).<br \/>\nConditionnement: 40 gr<\/p>\n<p>origine : Sri Lanka<\/p>\n","protected":false},"featured_media":50041,"comment_status":"closed","ping_status":"closed","template":"","meta":[],"product_cat":[731,652,704,64,698],"product_tag":[],"supplier_id":null,"supplier_sku":"","atum_controlled":true,"out_stock_date":null,"out_stock_threshold":null,"inheritable":false,"inbound_stock":null,"stock_on_hold":0,"sold_today":0,"sales_last_days":0,"out_stock_days":0,"lost_sales":0,"has_location":false,"update_date":"2026-05-05T22:31:48","atum_locations":[],"atum_stock_status":"instock","restock_status":false,"low_stock_amount":"","sales_update_date":"2026-05-05T22:31:48","calc_backorders":0,"_links":{"self":[{"href":"https:\/\/www.epicerie-lasource.org\/magasin\/wp-json\/wp\/v2\/product\/50030"}],"collection":[{"href":"https:\/\/www.epicerie-lasource.org\/magasin\/wp-json\/wp\/v2\/product"}],"about":[{"href":"https:\/\/www.epicerie-lasource.org\/magasin\/wp-json\/wp\/v2\/types\/product"}],"replies":[{"embeddable":true,"href":"https:\/\/www.epicerie-lasource.org\/magasin\/wp-json\/wp\/v2\/comments?post=50030"}],"wp:featuredmedia":[{"embeddable":true,"href":"https:\/\/www.epicerie-lasource.org\/magasin\/wp-json\/wp\/v2\/media\/50041"}],"wp:attachment":[{"href":"https:\/\/www.epicerie-lasource.org\/magasin\/wp-json\/wp\/v2\/media?parent=50030"}],"wp:term":[{"taxonomy":"product_cat","embeddable":true,"href":"https:\/\/www.epicerie-lasource.org\/magasin\/wp-json\/wp\/v2\/product_cat?post=50030"},{"taxonomy":"product_tag","embeddable":true,"href":"https:\/\/www.epicerie-lasource.org\/magasin\/wp-json\/wp\/v2\/product_tag?post=50030"}],"curies":[{"name":"wp","href":"https:\/\/api.w.org\/{rel}","templated":true}]}}