{"id":49531,"date":"2024-11-11T19:14:19","date_gmt":"2024-11-11T18:14:19","guid":{"rendered":"https:\/\/www.epicerie-lasource.org\/magasin\/?post_type=product&#038;p=49531"},"modified":"2026-03-27T11:59:42","modified_gmt":"2026-03-27T10:59:42","slug":"panettone-pur-beurre-boite-900grs","status":"publish","type":"product","link":"https:\/\/www.epicerie-lasource.org\/magasin\/produit\/panettone-pur-beurre-boite-900grs\/","title":{"rendered":"Panettone pur beurre bo\u00eete 900grs"},"content":{"rendered":"","protected":false},"excerpt":{"rendered":"<p>Farine de froment, \u0152UFS, raisins, sucre, BEURRE, levure naturelle, ecorces d&rsquo;orange, LAIT \u00e9cr\u00e9m\u00e9 en poudre, l\u00e9cithine de SOJA, sel, ar\u00f4mes, sorbate de potassium.<\/p>\n","protected":false},"featured_media":49532,"comment_status":"closed","ping_status":"closed","template":"","meta":[],"product_cat":[652,64,693],"product_tag":[],"supplier_id":23966,"supplier_sku":"","atum_controlled":true,"out_stock_date":null,"out_stock_threshold":null,"inheritable":false,"inbound_stock":null,"stock_on_hold":0,"sold_today":0,"sales_last_days":5,"out_stock_days":0,"lost_sales":0,"has_location":false,"update_date":"2026-04-03T22:02:29","atum_locations":[],"atum_stock_status":"instock","restock_status":false,"low_stock_amount":2,"sales_update_date":"2026-04-03T22:02:29","calc_backorders":0,"_links":{"self":[{"href":"https:\/\/www.epicerie-lasource.org\/magasin\/wp-json\/wp\/v2\/product\/49531"}],"collection":[{"href":"https:\/\/www.epicerie-lasource.org\/magasin\/wp-json\/wp\/v2\/product"}],"about":[{"href":"https:\/\/www.epicerie-lasource.org\/magasin\/wp-json\/wp\/v2\/types\/product"}],"replies":[{"embeddable":true,"href":"https:\/\/www.epicerie-lasource.org\/magasin\/wp-json\/wp\/v2\/comments?post=49531"}],"wp:featuredmedia":[{"embeddable":true,"href":"https:\/\/www.epicerie-lasource.org\/magasin\/wp-json\/wp\/v2\/media\/49532"}],"wp:attachment":[{"href":"https:\/\/www.epicerie-lasource.org\/magasin\/wp-json\/wp\/v2\/media?parent=49531"}],"wp:term":[{"taxonomy":"product_cat","embeddable":true,"href":"https:\/\/www.epicerie-lasource.org\/magasin\/wp-json\/wp\/v2\/product_cat?post=49531"},{"taxonomy":"product_tag","embeddable":true,"href":"https:\/\/www.epicerie-lasource.org\/magasin\/wp-json\/wp\/v2\/product_tag?post=49531"}],"curies":[{"name":"wp","href":"https:\/\/api.w.org\/{rel}","templated":true}]}}