{"id":49527,"date":"2025-11-21T10:36:07","date_gmt":"2025-11-21T09:36:07","guid":{"rendered":"https:\/\/www.epicerie-lasource.org\/magasin\/?post_type=product&#038;p=49527"},"modified":"2026-04-15T18:22:43","modified_gmt":"2026-04-15T16:22:43","slug":"nonnettes-a-lorange-paquet-150grs","status":"publish","type":"product","link":"https:\/\/www.epicerie-lasource.org\/magasin\/produit\/nonnettes-a-lorange-paquet-150grs\/","title":{"rendered":"Nonnettes \u00e0 l&rsquo;orange paquet 150grs"},"content":{"rendered":"","protected":false},"excerpt":{"rendered":"<p>Farine de FROMENT (BLE)(Origine : France), confiture d&rsquo;orange 26% (sirop de glucose-fructose, pur\u00e9e d&rsquo;orange (9,1%)(Origine : UE), sucre, g\u00e9lifiant (pectines), correcteurs d&rsquo;acidit\u00e9 (acide citrique, citrate trisodique)), miel 21% (Origine : UE hors UE), sirop de sucre inverti, sucre, jaunes d&rsquo;OEUFS, poudres \u00e0 lever (carbonates de sodium, carbonates d&rsquo;ammonium), ar\u00f4me naturel d&rsquo;orange.<\/p>\n","protected":false},"featured_media":49528,"comment_status":"closed","ping_status":"closed","template":"","meta":[],"product_cat":[652,64,693],"product_tag":[],"supplier_id":23966,"supplier_sku":"","atum_controlled":true,"out_stock_date":null,"out_stock_threshold":null,"inheritable":false,"inbound_stock":null,"stock_on_hold":0,"sold_today":0,"sales_last_days":2,"out_stock_days":0,"lost_sales":0,"has_location":false,"update_date":"2026-04-28T22:24:39","atum_locations":[],"atum_stock_status":"onbackorder","restock_status":false,"low_stock_amount":2,"sales_update_date":"2026-04-28T22:24:39","calc_backorders":-3,"_links":{"self":[{"href":"https:\/\/www.epicerie-lasource.org\/magasin\/wp-json\/wp\/v2\/product\/49527"}],"collection":[{"href":"https:\/\/www.epicerie-lasource.org\/magasin\/wp-json\/wp\/v2\/product"}],"about":[{"href":"https:\/\/www.epicerie-lasource.org\/magasin\/wp-json\/wp\/v2\/types\/product"}],"replies":[{"embeddable":true,"href":"https:\/\/www.epicerie-lasource.org\/magasin\/wp-json\/wp\/v2\/comments?post=49527"}],"wp:featuredmedia":[{"embeddable":true,"href":"https:\/\/www.epicerie-lasource.org\/magasin\/wp-json\/wp\/v2\/media\/49528"}],"wp:attachment":[{"href":"https:\/\/www.epicerie-lasource.org\/magasin\/wp-json\/wp\/v2\/media?parent=49527"}],"wp:term":[{"taxonomy":"product_cat","embeddable":true,"href":"https:\/\/www.epicerie-lasource.org\/magasin\/wp-json\/wp\/v2\/product_cat?post=49527"},{"taxonomy":"product_tag","embeddable":true,"href":"https:\/\/www.epicerie-lasource.org\/magasin\/wp-json\/wp\/v2\/product_tag?post=49527"}],"curies":[{"name":"wp","href":"https:\/\/api.w.org\/{rel}","templated":true}]}}