{"id":49426,"date":"2024-11-07T11:50:06","date_gmt":"2024-11-07T10:50:06","guid":{"rendered":"https:\/\/www.epicerie-lasource.org\/magasin\/?post_type=product&#038;p=49426"},"modified":"2026-03-14T11:48:20","modified_gmt":"2026-03-14T10:48:20","slug":"soupe-creme-de-champignon-bio-la-conserverie-du-chenelet","status":"publish","type":"product","link":"https:\/\/www.epicerie-lasource.org\/magasin\/produit\/soupe-creme-de-champignon-bio-la-conserverie-du-chenelet\/","title":{"rendered":"Soupe cr\u00e8me de champignon BIO &#8211; La Conserverie du Ch\u00eanelet"},"content":{"rendered":"","protected":false},"excerpt":{"rendered":"<p>L\u00e9gumes(56.79%) dont champignons (29.63%) pommes de terre (22.22%) oignons (4.94%) eau (42.59%) et sel (0.62%)<\/p>\n","protected":false},"featured_media":49500,"comment_status":"closed","ping_status":"closed","template":"","meta":[],"product_cat":[652,63,706],"product_tag":[],"supplier_id":25200,"supplier_sku":"","atum_controlled":true,"out_stock_date":null,"out_stock_threshold":null,"inheritable":false,"inbound_stock":null,"stock_on_hold":0,"sold_today":0,"sales_last_days":0,"out_stock_days":0,"lost_sales":0,"has_location":false,"update_date":"2026-05-04T22:28:55","atum_locations":[],"atum_stock_status":"outofstock","restock_status":false,"low_stock_amount":"","sales_update_date":"2026-05-04T22:28:54","calc_backorders":null,"_links":{"self":[{"href":"https:\/\/www.epicerie-lasource.org\/magasin\/wp-json\/wp\/v2\/product\/49426"}],"collection":[{"href":"https:\/\/www.epicerie-lasource.org\/magasin\/wp-json\/wp\/v2\/product"}],"about":[{"href":"https:\/\/www.epicerie-lasource.org\/magasin\/wp-json\/wp\/v2\/types\/product"}],"replies":[{"embeddable":true,"href":"https:\/\/www.epicerie-lasource.org\/magasin\/wp-json\/wp\/v2\/comments?post=49426"}],"wp:featuredmedia":[{"embeddable":true,"href":"https:\/\/www.epicerie-lasource.org\/magasin\/wp-json\/wp\/v2\/media\/49500"}],"wp:attachment":[{"href":"https:\/\/www.epicerie-lasource.org\/magasin\/wp-json\/wp\/v2\/media?parent=49426"}],"wp:term":[{"taxonomy":"product_cat","embeddable":true,"href":"https:\/\/www.epicerie-lasource.org\/magasin\/wp-json\/wp\/v2\/product_cat?post=49426"},{"taxonomy":"product_tag","embeddable":true,"href":"https:\/\/www.epicerie-lasource.org\/magasin\/wp-json\/wp\/v2\/product_tag?post=49426"}],"curies":[{"name":"wp","href":"https:\/\/api.w.org\/{rel}","templated":true}]}}