{"id":49097,"date":"2024-10-23T09:16:30","date_gmt":"2024-10-23T07:16:30","guid":{"rendered":"https:\/\/www.epicerie-lasource.org\/magasin\/?post_type=product&#038;p=49097"},"modified":"2026-01-14T21:30:20","modified_gmt":"2026-01-14T20:30:20","slug":"proteine-de-soja-emincee-bio-300-grs","status":"publish","type":"product","link":"https:\/\/www.epicerie-lasource.org\/magasin\/produit\/proteine-de-soja-emincee-bio-300-grs\/","title":{"rendered":"Prot\u00e9ine de soja \u00e9minc\u00e9e BIO 300 grs"},"content":{"rendered":"","protected":false},"excerpt":{"rendered":"<p><strong><a>Prot\u00e9ine de soja \u00e9minc\u00e9e 300 g<\/a><\/strong>rs BIO<\/p>\n<p>Pour une portion, utiliser 30 \u00e0 40g de prot\u00e9ines de soja. Les r\u00e9hydrater dans de l\u2019eau chaude pendant environ 10 min. \u00c9goutter et essorer l\u2019exc\u00e8s d\u2019eau. Les prot\u00e9ines peuvent alors \u00eatre utilis\u00e9es comme une alternative \u00e0 la viande.<\/p>\n","protected":false},"featured_media":49098,"comment_status":"closed","ping_status":"closed","template":"","meta":[],"product_cat":[731,774,652,63,702],"product_tag":[],"supplier_id":48659,"supplier_sku":"","atum_controlled":true,"out_stock_date":"2026-01-14 20:30:21","out_stock_threshold":null,"inheritable":false,"inbound_stock":null,"stock_on_hold":0,"sold_today":0,"sales_last_days":0,"out_stock_days":89,"lost_sales":51.62,"has_location":false,"update_date":"2026-04-13T22:13:08","atum_locations":[],"atum_stock_status":"outofstock","restock_status":false,"low_stock_amount":"","sales_update_date":"2026-04-13T22:13:08","calc_backorders":null,"_links":{"self":[{"href":"https:\/\/www.epicerie-lasource.org\/magasin\/wp-json\/wp\/v2\/product\/49097"}],"collection":[{"href":"https:\/\/www.epicerie-lasource.org\/magasin\/wp-json\/wp\/v2\/product"}],"about":[{"href":"https:\/\/www.epicerie-lasource.org\/magasin\/wp-json\/wp\/v2\/types\/product"}],"replies":[{"embeddable":true,"href":"https:\/\/www.epicerie-lasource.org\/magasin\/wp-json\/wp\/v2\/comments?post=49097"}],"wp:featuredmedia":[{"embeddable":true,"href":"https:\/\/www.epicerie-lasource.org\/magasin\/wp-json\/wp\/v2\/media\/49098"}],"wp:attachment":[{"href":"https:\/\/www.epicerie-lasource.org\/magasin\/wp-json\/wp\/v2\/media?parent=49097"}],"wp:term":[{"taxonomy":"product_cat","embeddable":true,"href":"https:\/\/www.epicerie-lasource.org\/magasin\/wp-json\/wp\/v2\/product_cat?post=49097"},{"taxonomy":"product_tag","embeddable":true,"href":"https:\/\/www.epicerie-lasource.org\/magasin\/wp-json\/wp\/v2\/product_tag?post=49097"}],"curies":[{"name":"wp","href":"https:\/\/api.w.org\/{rel}","templated":true}]}}