{"id":48695,"date":"2024-10-06T22:41:51","date_gmt":"2024-10-06T20:41:51","guid":{"rendered":"https:\/\/www.epicerie-lasource.org\/magasin\/?post_type=product&#038;p=48695"},"modified":"2026-04-08T21:47:22","modified_gmt":"2026-04-08T19:47:22","slug":"ble-souffle-bio-200-g-grillon-dor","status":"publish","type":"product","link":"https:\/\/www.epicerie-lasource.org\/magasin\/produit\/ble-souffle-bio-200-g-grillon-dor\/","title":{"rendered":"Bl\u00e9 souffl\u00e9 BIO (200 g) Grillon d&rsquo;or"},"content":{"rendered":"","protected":false},"excerpt":{"rendered":"<p>C\u00e9r\u00e9ales souffl\u00e9es issues de l&rsquo;agriculture biologique.<br \/>\nA consommer nature, avec du lait, une boisson v\u00e9g\u00e9tale ou du fromage blanc.<br \/>\nIngr\u00e9dients : Bl\u00e9*.<br \/>\n* Ingr\u00e9dients issus de l\u2019Agriculture Biologique.<\/p>\n<p>&nbsp;<\/p>\n","protected":false},"featured_media":48696,"comment_status":"closed","ping_status":"closed","template":"","meta":[],"product_cat":[731,652,64,695],"product_tag":[],"supplier_id":48659,"supplier_sku":"","atum_controlled":true,"out_stock_date":null,"out_stock_threshold":null,"inheritable":false,"inbound_stock":null,"stock_on_hold":0,"sold_today":0,"sales_last_days":1,"out_stock_days":0,"lost_sales":0,"has_location":false,"update_date":"2026-04-13T22:13:12","atum_locations":[],"atum_stock_status":"instock","restock_status":true,"low_stock_amount":"","sales_update_date":"2026-04-13T22:13:12","calc_backorders":null,"_links":{"self":[{"href":"https:\/\/www.epicerie-lasource.org\/magasin\/wp-json\/wp\/v2\/product\/48695"}],"collection":[{"href":"https:\/\/www.epicerie-lasource.org\/magasin\/wp-json\/wp\/v2\/product"}],"about":[{"href":"https:\/\/www.epicerie-lasource.org\/magasin\/wp-json\/wp\/v2\/types\/product"}],"replies":[{"embeddable":true,"href":"https:\/\/www.epicerie-lasource.org\/magasin\/wp-json\/wp\/v2\/comments?post=48695"}],"wp:featuredmedia":[{"embeddable":true,"href":"https:\/\/www.epicerie-lasource.org\/magasin\/wp-json\/wp\/v2\/media\/48696"}],"wp:attachment":[{"href":"https:\/\/www.epicerie-lasource.org\/magasin\/wp-json\/wp\/v2\/media?parent=48695"}],"wp:term":[{"taxonomy":"product_cat","embeddable":true,"href":"https:\/\/www.epicerie-lasource.org\/magasin\/wp-json\/wp\/v2\/product_cat?post=48695"},{"taxonomy":"product_tag","embeddable":true,"href":"https:\/\/www.epicerie-lasource.org\/magasin\/wp-json\/wp\/v2\/product_tag?post=48695"}],"curies":[{"name":"wp","href":"https:\/\/api.w.org\/{rel}","templated":true}]}}