{"id":48532,"date":"2025-03-25T21:01:14","date_gmt":"2025-03-25T20:01:14","guid":{"rendered":"https:\/\/www.epicerie-lasource.org\/magasin\/?post_type=product&#038;p=48532"},"modified":"2026-04-02T10:28:07","modified_gmt":"2026-04-02T08:28:07","slug":"poudre-lave-vaisselle-percarbonate-de-soude-1-kg","status":"publish","type":"product","link":"https:\/\/www.epicerie-lasource.org\/magasin\/produit\/poudre-lave-vaisselle-percarbonate-de-soude-1-kg\/","title":{"rendered":"Poudre lave vaisselle percarbonate de soude 1 kg"},"content":{"rendered":"","protected":false},"excerpt":{"rendered":"<p>Facile \u00e0 doser, cette poudre lave-vaisselle concentr\u00e9e nettoie et d\u00e9graisse parfaitement la vaisselle.<br \/>\nCette alternative aux pastilles vaisselle permet jusqu&rsquo;\u00e0 65 lavages.<br \/>\nLe format poudre est \u00e9conomique et permet de doser la juste quantit\u00e9 de produit en fonction de la salissure de la vaisselle et du degr\u00e9 de duret\u00e9 de l\u2019eau.<br \/>\nFormule unique et performante d\u00e8s 50\u00b0C, elle est fabriqu\u00e9e en France \u00e0 partir de poudres traditionnelles (percarbonate, bicarbonate, cristaux de soude) et d&rsquo;agents nettoyants efficaces pour dissoudre les graisses et \u00e9liminer les r\u00e9sidus alimentaires. Elle contient \u00e9galement un ingr\u00e9dient anticalcaire d\u2019origine naturelle qui pr\u00e9vient l\u2019entartrage du lave-vaisselle et rend les verres brillants.<\/p>\n<p>Utilisation : 1 \u00e0 2 cuill\u00e8res \u00e0 soupe (15 \u00e0 30 g) de poudre par machine selon le degr\u00e9 de salissure et la duret\u00e9 de l&rsquo;eau<\/p>\n<p>PRODUIT DANGEREUX : RESPECTER LES PR\u00c9CAUTIONS D&rsquo;EMPLOI.<\/p>\n","protected":false},"featured_media":48533,"comment_status":"closed","ping_status":"closed","template":"","meta":[],"product_cat":[324],"product_tag":[],"supplier_id":24929,"supplier_sku":"","atum_controlled":true,"out_stock_date":null,"out_stock_threshold":null,"inheritable":false,"inbound_stock":null,"stock_on_hold":0,"sold_today":0,"sales_last_days":2,"out_stock_days":0,"lost_sales":0,"has_location":false,"update_date":"2026-04-07T22:05:53","atum_locations":[],"atum_stock_status":"instock","restock_status":false,"low_stock_amount":"","sales_update_date":"2026-04-07T22:05:53","calc_backorders":0,"_links":{"self":[{"href":"https:\/\/www.epicerie-lasource.org\/magasin\/wp-json\/wp\/v2\/product\/48532"}],"collection":[{"href":"https:\/\/www.epicerie-lasource.org\/magasin\/wp-json\/wp\/v2\/product"}],"about":[{"href":"https:\/\/www.epicerie-lasource.org\/magasin\/wp-json\/wp\/v2\/types\/product"}],"replies":[{"embeddable":true,"href":"https:\/\/www.epicerie-lasource.org\/magasin\/wp-json\/wp\/v2\/comments?post=48532"}],"wp:featuredmedia":[{"embeddable":true,"href":"https:\/\/www.epicerie-lasource.org\/magasin\/wp-json\/wp\/v2\/media\/48533"}],"wp:attachment":[{"href":"https:\/\/www.epicerie-lasource.org\/magasin\/wp-json\/wp\/v2\/media?parent=48532"}],"wp:term":[{"taxonomy":"product_cat","embeddable":true,"href":"https:\/\/www.epicerie-lasource.org\/magasin\/wp-json\/wp\/v2\/product_cat?post=48532"},{"taxonomy":"product_tag","embeddable":true,"href":"https:\/\/www.epicerie-lasource.org\/magasin\/wp-json\/wp\/v2\/product_tag?post=48532"}],"curies":[{"name":"wp","href":"https:\/\/api.w.org\/{rel}","templated":true}]}}