{"id":48529,"date":"2024-10-01T20:55:56","date_gmt":"2024-10-01T18:55:56","guid":{"rendered":"https:\/\/www.epicerie-lasource.org\/magasin\/?post_type=product&#038;p=48529"},"modified":"2026-04-02T16:14:52","modified_gmt":"2026-04-02T14:14:52","slug":"goupillon-goulot-etroit","status":"publish","type":"product","link":"https:\/\/www.epicerie-lasource.org\/magasin\/produit\/goupillon-goulot-etroit\/","title":{"rendered":"Goupillon goulot \u00e9troit"},"content":{"rendered":"","protected":false},"excerpt":{"rendered":"<p>Ce goupillon est r\u00e9alis\u00e9e avec des fibres de noix de coco tr\u00e8s denses qui lui assurent une grande long\u00e9vit\u00e9.<\/p>\n","protected":false},"featured_media":48530,"comment_status":"closed","ping_status":"closed","template":"","meta":[],"product_cat":[324],"product_tag":[],"supplier_id":24929,"supplier_sku":"","atum_controlled":true,"out_stock_date":null,"out_stock_threshold":null,"inheritable":false,"inbound_stock":null,"stock_on_hold":0,"sold_today":0,"sales_last_days":1,"out_stock_days":0,"lost_sales":0,"has_location":false,"update_date":"2026-04-10T22:11:36","atum_locations":[],"atum_stock_status":"instock","restock_status":false,"low_stock_amount":"","sales_update_date":"2026-04-10T22:11:36","calc_backorders":0,"_links":{"self":[{"href":"https:\/\/www.epicerie-lasource.org\/magasin\/wp-json\/wp\/v2\/product\/48529"}],"collection":[{"href":"https:\/\/www.epicerie-lasource.org\/magasin\/wp-json\/wp\/v2\/product"}],"about":[{"href":"https:\/\/www.epicerie-lasource.org\/magasin\/wp-json\/wp\/v2\/types\/product"}],"replies":[{"embeddable":true,"href":"https:\/\/www.epicerie-lasource.org\/magasin\/wp-json\/wp\/v2\/comments?post=48529"}],"wp:featuredmedia":[{"embeddable":true,"href":"https:\/\/www.epicerie-lasource.org\/magasin\/wp-json\/wp\/v2\/media\/48530"}],"wp:attachment":[{"href":"https:\/\/www.epicerie-lasource.org\/magasin\/wp-json\/wp\/v2\/media?parent=48529"}],"wp:term":[{"taxonomy":"product_cat","embeddable":true,"href":"https:\/\/www.epicerie-lasource.org\/magasin\/wp-json\/wp\/v2\/product_cat?post=48529"},{"taxonomy":"product_tag","embeddable":true,"href":"https:\/\/www.epicerie-lasource.org\/magasin\/wp-json\/wp\/v2\/product_tag?post=48529"}],"curies":[{"name":"wp","href":"https:\/\/api.w.org\/{rel}","templated":true}]}}