{"id":48227,"date":"2024-09-20T10:24:25","date_gmt":"2024-09-20T08:24:25","guid":{"rendered":"https:\/\/www.epicerie-lasource.org\/magasin\/?post_type=product&#038;p=48227"},"modified":"2026-04-27T21:59:04","modified_gmt":"2026-04-27T19:59:04","slug":"vrac-semoule-blanche-de-ble-dur-fine-bio-markal-au-choix","status":"publish","type":"product","link":"https:\/\/www.epicerie-lasource.org\/magasin\/produit\/vrac-semoule-blanche-de-ble-dur-fine-bio-markal-au-choix\/","title":{"rendered":"Vrac &#8211; Semoule blanche de bl\u00e9 dur fine bio &#8211; Markal &#8211; Au choix"},"content":{"rendered":"","protected":false},"excerpt":{"rendered":"<p>Semoule Blanche de bl\u00e9 dur Markal vendu en Vrac<br \/>\nLa semoule blanche de bl\u00e9 dur fine peut \u00eatre utilis\u00e9e en cuisine dans diverses pr\u00e9parations, notamment des g\u00e2teaux de semoule, potages et couscous. Elle sert \u00e9galement \u00e0 la fabrication des p\u00e2tes alimentaires.<\/p>\n<p>Ingr\u00e9dients : Bl\u00e9 dur biologique<\/p>\n<p>Allerg\u00e8nes : Gluten\u00a0\u00a0 ;\u00a0 Traces possibles d&rsquo;allerg\u00e8nes : soja<\/p>\n","protected":false},"featured_media":48231,"comment_status":"closed","ping_status":"closed","template":"","meta":[],"product_cat":[715,652,63,700],"product_tag":[],"supplier_id":null,"supplier_sku":"","atum_controlled":true,"out_stock_date":null,"out_stock_threshold":null,"inheritable":true,"inbound_stock":null,"stock_on_hold":0,"sold_today":0,"sales_last_days":1,"out_stock_days":0,"lost_sales":0,"has_location":false,"update_date":"2026-05-04T12:43:07","atum_locations":[],"atum_stock_status":"onbackorder","restock_status":false,"low_stock_amount":"","sales_update_date":"2026-05-02T22:28:42","calc_backorders":-3.305,"_links":{"self":[{"href":"https:\/\/www.epicerie-lasource.org\/magasin\/wp-json\/wp\/v2\/product\/48227"}],"collection":[{"href":"https:\/\/www.epicerie-lasource.org\/magasin\/wp-json\/wp\/v2\/product"}],"about":[{"href":"https:\/\/www.epicerie-lasource.org\/magasin\/wp-json\/wp\/v2\/types\/product"}],"replies":[{"embeddable":true,"href":"https:\/\/www.epicerie-lasource.org\/magasin\/wp-json\/wp\/v2\/comments?post=48227"}],"wp:featuredmedia":[{"embeddable":true,"href":"https:\/\/www.epicerie-lasource.org\/magasin\/wp-json\/wp\/v2\/media\/48231"}],"wp:attachment":[{"href":"https:\/\/www.epicerie-lasource.org\/magasin\/wp-json\/wp\/v2\/media?parent=48227"}],"wp:term":[{"taxonomy":"product_cat","embeddable":true,"href":"https:\/\/www.epicerie-lasource.org\/magasin\/wp-json\/wp\/v2\/product_cat?post=48227"},{"taxonomy":"product_tag","embeddable":true,"href":"https:\/\/www.epicerie-lasource.org\/magasin\/wp-json\/wp\/v2\/product_tag?post=48227"}],"curies":[{"name":"wp","href":"https:\/\/api.w.org\/{rel}","templated":true}]}}