{"id":48222,"date":"2024-09-20T09:18:23","date_gmt":"2024-09-20T07:18:23","guid":{"rendered":"https:\/\/www.epicerie-lasource.org\/magasin\/?post_type=product&#038;p=48222"},"modified":"2026-05-05T07:52:15","modified_gmt":"2026-05-05T05:52:15","slug":"vrac-huile-dolive-vierge-extra-espagne-bio-le-temps-des-oliviers-1-litre","status":"publish","type":"product","link":"https:\/\/www.epicerie-lasource.org\/magasin\/produit\/vrac-huile-dolive-vierge-extra-espagne-bio-le-temps-des-oliviers-1-litre\/","title":{"rendered":"Vrac- Huile d&rsquo;olive vierge extra Espagne BIO &#8211; Le Temps des Oliviers &#8211; au choix"},"content":{"rendered":"","protected":false},"excerpt":{"rendered":"<p>HUILE D&rsquo;OLIVE VIERGE EXTRA &#8211; EXTRAITE \u00c0 FROID<br \/>\n<strong>Caract\u00e9ristiques gustatives<\/strong> : Cette huile d\u2019olive de qualit\u00e9 premium, puissante et \u00e9quilibr\u00e9e, souligne d\u00e9licatement la saveur des plats. Elle offre une multitude d\u2019utilisations, tant pour la cuisson que pour l\u2019assaisonnement.<br \/>\n<strong>Origine<\/strong>\u00a0: Espagne<\/p>\n","protected":false},"featured_media":48224,"comment_status":"closed","ping_status":"closed","template":"","meta":[],"product_cat":[715,652,63,701],"product_tag":[],"supplier_id":23768,"supplier_sku":"","atum_controlled":true,"out_stock_date":null,"out_stock_threshold":null,"inheritable":true,"inbound_stock":null,"stock_on_hold":2,"sold_today":2,"sales_last_days":4.25,"out_stock_days":0,"lost_sales":0,"has_location":false,"update_date":"2026-05-05T03:52:20","atum_locations":[],"atum_stock_status":"instock","restock_status":true,"low_stock_amount":2,"sales_update_date":"2026-05-03T22:29:45","calc_backorders":0,"_links":{"self":[{"href":"https:\/\/www.epicerie-lasource.org\/magasin\/wp-json\/wp\/v2\/product\/48222"}],"collection":[{"href":"https:\/\/www.epicerie-lasource.org\/magasin\/wp-json\/wp\/v2\/product"}],"about":[{"href":"https:\/\/www.epicerie-lasource.org\/magasin\/wp-json\/wp\/v2\/types\/product"}],"replies":[{"embeddable":true,"href":"https:\/\/www.epicerie-lasource.org\/magasin\/wp-json\/wp\/v2\/comments?post=48222"}],"wp:featuredmedia":[{"embeddable":true,"href":"https:\/\/www.epicerie-lasource.org\/magasin\/wp-json\/wp\/v2\/media\/48224"}],"wp:attachment":[{"href":"https:\/\/www.epicerie-lasource.org\/magasin\/wp-json\/wp\/v2\/media?parent=48222"}],"wp:term":[{"taxonomy":"product_cat","embeddable":true,"href":"https:\/\/www.epicerie-lasource.org\/magasin\/wp-json\/wp\/v2\/product_cat?post=48222"},{"taxonomy":"product_tag","embeddable":true,"href":"https:\/\/www.epicerie-lasource.org\/magasin\/wp-json\/wp\/v2\/product_tag?post=48222"}],"curies":[{"name":"wp","href":"https:\/\/api.w.org\/{rel}","templated":true}]}}