{"id":47532,"date":"2024-08-22T12:46:00","date_gmt":"2024-08-22T10:46:00","guid":{"rendered":"https:\/\/www.epicerie-lasource.org\/magasin\/?post_type=product&#038;p=47532"},"modified":"2025-12-16T11:23:59","modified_gmt":"2025-12-16T10:23:59","slug":"olives-nocellara-denoyautees-bio-reemploi-180-grs","status":"publish","type":"product","link":"https:\/\/www.epicerie-lasource.org\/magasin\/produit\/olives-nocellara-denoyautees-bio-reemploi-180-grs\/","title":{"rendered":"Olives Nocellara d\u00e9noyaut\u00e9es Bio (r\u00e9emploi) &#8211; 180 grs"},"content":{"rendered":"","protected":false},"excerpt":{"rendered":"<p>Olives Nocellara d\u00e9noyaut\u00e9es bio (r\u00e9emploi) &#8211; Le Temps des Oliviers-<\/p>\n<p><strong>Ingre\u0301dients<\/strong>\u00a0: Olives Nocellara d\u00e9noyaut\u00e9es* (Italie) 61 % &#8211; Huile de tournesol* &#8211; Huile d\u2019olive Vierge Extra* &#8211; Sel<\/p>\n","protected":false},"featured_media":47533,"comment_status":"closed","ping_status":"closed","template":"","meta":[],"product_cat":[731,652,708],"product_tag":[],"supplier_id":23768,"supplier_sku":"","atum_controlled":true,"out_stock_date":null,"out_stock_threshold":null,"inheritable":false,"inbound_stock":null,"stock_on_hold":0,"sold_today":0,"sales_last_days":0,"out_stock_days":0,"lost_sales":0,"has_location":false,"update_date":"2026-05-06T22:29:13","atum_locations":[],"atum_stock_status":"instock","restock_status":false,"low_stock_amount":"","sales_update_date":"2026-05-06T22:29:13","calc_backorders":0,"_links":{"self":[{"href":"https:\/\/www.epicerie-lasource.org\/magasin\/wp-json\/wp\/v2\/product\/47532"}],"collection":[{"href":"https:\/\/www.epicerie-lasource.org\/magasin\/wp-json\/wp\/v2\/product"}],"about":[{"href":"https:\/\/www.epicerie-lasource.org\/magasin\/wp-json\/wp\/v2\/types\/product"}],"replies":[{"embeddable":true,"href":"https:\/\/www.epicerie-lasource.org\/magasin\/wp-json\/wp\/v2\/comments?post=47532"}],"wp:featuredmedia":[{"embeddable":true,"href":"https:\/\/www.epicerie-lasource.org\/magasin\/wp-json\/wp\/v2\/media\/47533"}],"wp:attachment":[{"href":"https:\/\/www.epicerie-lasource.org\/magasin\/wp-json\/wp\/v2\/media?parent=47532"}],"wp:term":[{"taxonomy":"product_cat","embeddable":true,"href":"https:\/\/www.epicerie-lasource.org\/magasin\/wp-json\/wp\/v2\/product_cat?post=47532"},{"taxonomy":"product_tag","embeddable":true,"href":"https:\/\/www.epicerie-lasource.org\/magasin\/wp-json\/wp\/v2\/product_tag?post=47532"}],"curies":[{"name":"wp","href":"https:\/\/api.w.org\/{rel}","templated":true}]}}