{"id":47526,"date":"2024-08-22T12:06:07","date_gmt":"2024-08-22T10:06:07","guid":{"rendered":"https:\/\/www.epicerie-lasource.org\/magasin\/?post_type=product&#038;p=47526"},"modified":"2025-11-11T18:59:37","modified_gmt":"2025-11-11T17:59:37","slug":"muscade-en-poudre-bio-reemploi-id-bio-40gr","status":"publish","type":"product","link":"https:\/\/www.epicerie-lasource.org\/magasin\/produit\/muscade-en-poudre-bio-reemploi-id-bio-40gr\/","title":{"rendered":"Muscade en poudre BIO (R\u00e9emploi) &#8211; ID Bio &#8211; 40gr"},"content":{"rendered":"","protected":false},"excerpt":{"rendered":"<p>Noix de muscade en poudre pot en verre de 40 grs. de chez ID BIO<br \/>\nPot en r\u00e9emploi<\/p>\n<p>La noix de muscade en poudre est la touche indispensable de vos gratins, l\u00e9gumes et tartes sal\u00e9es. Mais on peut l\u2019utiliser pour apporter une touche parfum\u00e9e \u00e0 la sauce b\u00e9chamel.<\/p>\n","protected":false},"featured_media":47527,"comment_status":"closed","ping_status":"closed","template":"","meta":[],"product_cat":[652,63,704],"product_tag":[],"supplier_id":23768,"supplier_sku":"","atum_controlled":true,"out_stock_date":"2025-11-11 17:59:37","out_stock_threshold":null,"inheritable":false,"inbound_stock":null,"stock_on_hold":0,"sold_today":0,"sales_last_days":0,"out_stock_days":176,"lost_sales":86.742857142857,"has_location":false,"update_date":"2026-05-06T22:29:42","atum_locations":[],"atum_stock_status":"onbackorder","restock_status":false,"low_stock_amount":"","sales_update_date":"2026-05-06T22:29:42","calc_backorders":0,"_links":{"self":[{"href":"https:\/\/www.epicerie-lasource.org\/magasin\/wp-json\/wp\/v2\/product\/47526"}],"collection":[{"href":"https:\/\/www.epicerie-lasource.org\/magasin\/wp-json\/wp\/v2\/product"}],"about":[{"href":"https:\/\/www.epicerie-lasource.org\/magasin\/wp-json\/wp\/v2\/types\/product"}],"replies":[{"embeddable":true,"href":"https:\/\/www.epicerie-lasource.org\/magasin\/wp-json\/wp\/v2\/comments?post=47526"}],"wp:featuredmedia":[{"embeddable":true,"href":"https:\/\/www.epicerie-lasource.org\/magasin\/wp-json\/wp\/v2\/media\/47527"}],"wp:attachment":[{"href":"https:\/\/www.epicerie-lasource.org\/magasin\/wp-json\/wp\/v2\/media?parent=47526"}],"wp:term":[{"taxonomy":"product_cat","embeddable":true,"href":"https:\/\/www.epicerie-lasource.org\/magasin\/wp-json\/wp\/v2\/product_cat?post=47526"},{"taxonomy":"product_tag","embeddable":true,"href":"https:\/\/www.epicerie-lasource.org\/magasin\/wp-json\/wp\/v2\/product_tag?post=47526"}],"curies":[{"name":"wp","href":"https:\/\/api.w.org\/{rel}","templated":true}]}}