{"id":46818,"date":"2024-07-19T11:53:36","date_gmt":"2024-07-19T09:53:36","guid":{"rendered":"https:\/\/www.epicerie-lasource.org\/magasin\/?post_type=product&#038;p=46818"},"modified":"2026-04-27T22:15:30","modified_gmt":"2026-04-27T20:15:30","slug":"poivre-noir-en-poudre-bio-reemploi-id-bio-40gr","status":"publish","type":"product","link":"https:\/\/www.epicerie-lasource.org\/magasin\/produit\/poivre-noir-en-poudre-bio-reemploi-id-bio-40gr\/","title":{"rendered":"Poivre Noir en poudre BIO (R\u00e9emploi) &#8211; ID Bio &#8211; 40gr"},"content":{"rendered":"","protected":false},"excerpt":{"rendered":"<p>L\u2019\u00e9pice indispensable en cuisine, pr\u00eate \u00e0 l\u2019emploi et issue de l\u2019agriculture biologique !<br \/>\nConditionn\u00e9 dans nos petits pots herm\u00e9tiques, il conservera toute sa saveur.<\/p>\n<p>C\u2019est \u00e0 travers une d\u00e9marche \u00e9quitable que nous avons s\u00e9lectionn\u00e9 notre Poivre noir bio aupr\u00e8s de petites coop\u00e9ratives d\u2019agriculteurs en Inde.<\/p>\n","protected":false},"featured_media":46854,"comment_status":"closed","ping_status":"closed","template":"","meta":[],"product_cat":[652,63,704],"product_tag":[],"supplier_id":23768,"supplier_sku":"","atum_controlled":true,"out_stock_date":null,"out_stock_threshold":null,"inheritable":false,"inbound_stock":null,"stock_on_hold":0,"sold_today":0,"sales_last_days":1,"out_stock_days":0,"lost_sales":0,"has_location":false,"update_date":"2026-05-05T22:29:36","atum_locations":[],"atum_stock_status":"onbackorder","restock_status":false,"low_stock_amount":"","sales_update_date":"2026-05-05T22:29:36","calc_backorders":-9,"_links":{"self":[{"href":"https:\/\/www.epicerie-lasource.org\/magasin\/wp-json\/wp\/v2\/product\/46818"}],"collection":[{"href":"https:\/\/www.epicerie-lasource.org\/magasin\/wp-json\/wp\/v2\/product"}],"about":[{"href":"https:\/\/www.epicerie-lasource.org\/magasin\/wp-json\/wp\/v2\/types\/product"}],"replies":[{"embeddable":true,"href":"https:\/\/www.epicerie-lasource.org\/magasin\/wp-json\/wp\/v2\/comments?post=46818"}],"wp:featuredmedia":[{"embeddable":true,"href":"https:\/\/www.epicerie-lasource.org\/magasin\/wp-json\/wp\/v2\/media\/46854"}],"wp:attachment":[{"href":"https:\/\/www.epicerie-lasource.org\/magasin\/wp-json\/wp\/v2\/media?parent=46818"}],"wp:term":[{"taxonomy":"product_cat","embeddable":true,"href":"https:\/\/www.epicerie-lasource.org\/magasin\/wp-json\/wp\/v2\/product_cat?post=46818"},{"taxonomy":"product_tag","embeddable":true,"href":"https:\/\/www.epicerie-lasource.org\/magasin\/wp-json\/wp\/v2\/product_tag?post=46818"}],"curies":[{"name":"wp","href":"https:\/\/api.w.org\/{rel}","templated":true}]}}