{"id":46651,"date":"2024-07-12T10:27:06","date_gmt":"2024-07-12T08:27:06","guid":{"rendered":"https:\/\/www.epicerie-lasource.org\/magasin\/?post_type=product&#038;p=46651"},"modified":"2026-04-08T18:19:23","modified_gmt":"2026-04-08T16:19:23","slug":"vrac-muscade-en-poudre-bio","status":"publish","type":"product","link":"https:\/\/www.epicerie-lasource.org\/magasin\/produit\/vrac-muscade-en-poudre-bio\/","title":{"rendered":"Vrac- Muscade en poudre Bio"},"content":{"rendered":"","protected":false},"excerpt":{"rendered":"<div class=\"product__detail__content\">\n<p>La noix de muscade en poudre est la touche indispensable de vos gratins, l\u00e9gumes et tartes sal\u00e9es. Elle est souvent utilis\u00e9e pour apporter une touche parfum\u00e9e \u00e0 la sauce b\u00e9chamel.<\/p>\n<p>Produit \u00e9quitable<\/p>\n<p>Muscade bio en poudre<br \/>\n<em>Origine Inde<\/em><\/p>\n<\/div>\n<div class=\"product__see-more__content js-see-more-content\">\n<div class=\"product__detail__content\">\n<p>&nbsp;<\/p>\n<\/div>\n<\/div>\n","protected":false},"featured_media":46655,"comment_status":"closed","ping_status":"closed","template":"","meta":[],"product_cat":[715,652,63,704],"product_tag":[],"supplier_id":null,"supplier_sku":"","atum_controlled":true,"out_stock_date":null,"out_stock_threshold":null,"inheritable":true,"inbound_stock":null,"stock_on_hold":0,"sold_today":0,"sales_last_days":1,"out_stock_days":0,"lost_sales":0,"has_location":false,"update_date":"2026-05-04T22:30:27","atum_locations":[],"atum_stock_status":"instock","restock_status":false,"low_stock_amount":"","sales_update_date":"2026-05-04T22:30:27","calc_backorders":0,"_links":{"self":[{"href":"https:\/\/www.epicerie-lasource.org\/magasin\/wp-json\/wp\/v2\/product\/46651"}],"collection":[{"href":"https:\/\/www.epicerie-lasource.org\/magasin\/wp-json\/wp\/v2\/product"}],"about":[{"href":"https:\/\/www.epicerie-lasource.org\/magasin\/wp-json\/wp\/v2\/types\/product"}],"replies":[{"embeddable":true,"href":"https:\/\/www.epicerie-lasource.org\/magasin\/wp-json\/wp\/v2\/comments?post=46651"}],"wp:featuredmedia":[{"embeddable":true,"href":"https:\/\/www.epicerie-lasource.org\/magasin\/wp-json\/wp\/v2\/media\/46655"}],"wp:attachment":[{"href":"https:\/\/www.epicerie-lasource.org\/magasin\/wp-json\/wp\/v2\/media?parent=46651"}],"wp:term":[{"taxonomy":"product_cat","embeddable":true,"href":"https:\/\/www.epicerie-lasource.org\/magasin\/wp-json\/wp\/v2\/product_cat?post=46651"},{"taxonomy":"product_tag","embeddable":true,"href":"https:\/\/www.epicerie-lasource.org\/magasin\/wp-json\/wp\/v2\/product_tag?post=46651"}],"curies":[{"name":"wp","href":"https:\/\/api.w.org\/{rel}","templated":true}]}}