{"id":46640,"date":"2024-07-11T15:53:16","date_gmt":"2024-07-11T13:53:16","guid":{"rendered":"https:\/\/www.epicerie-lasource.org\/magasin\/?post_type=product&#038;p=46640"},"modified":"2026-04-06T20:20:56","modified_gmt":"2026-04-06T18:20:56","slug":"soupe-dasperge-bio-la-conserverie-du-chenelet","status":"publish","type":"product","link":"https:\/\/www.epicerie-lasource.org\/magasin\/produit\/soupe-dasperge-bio-la-conserverie-du-chenelet\/","title":{"rendered":"Soupe cr\u00e8me d&rsquo;asperge BIO &#8211; La Conserverie du Ch\u00eanelet"},"content":{"rendered":"","protected":false},"excerpt":{"rendered":"<p>L\u00e9gumes*(64,20%) dont Asperges (32,10%), pommes de terre* (27,16%), oignons* (4,94%), eau (33,95%), cr\u00e8me liquide* (1,23%), Sel (0,62%).<\/p>\n","protected":false},"featured_media":62700,"comment_status":"closed","ping_status":"closed","template":"","meta":[],"product_cat":[652,63,706],"product_tag":[],"supplier_id":25200,"supplier_sku":"","atum_controlled":true,"out_stock_date":null,"out_stock_threshold":null,"inheritable":false,"inbound_stock":null,"stock_on_hold":0,"sold_today":0,"sales_last_days":1,"out_stock_days":0,"lost_sales":0,"has_location":false,"update_date":"2026-05-04T22:28:54","atum_locations":[],"atum_stock_status":"instock","restock_status":false,"low_stock_amount":"","sales_update_date":"2026-05-04T22:28:54","calc_backorders":0,"_links":{"self":[{"href":"https:\/\/www.epicerie-lasource.org\/magasin\/wp-json\/wp\/v2\/product\/46640"}],"collection":[{"href":"https:\/\/www.epicerie-lasource.org\/magasin\/wp-json\/wp\/v2\/product"}],"about":[{"href":"https:\/\/www.epicerie-lasource.org\/magasin\/wp-json\/wp\/v2\/types\/product"}],"replies":[{"embeddable":true,"href":"https:\/\/www.epicerie-lasource.org\/magasin\/wp-json\/wp\/v2\/comments?post=46640"}],"wp:featuredmedia":[{"embeddable":true,"href":"https:\/\/www.epicerie-lasource.org\/magasin\/wp-json\/wp\/v2\/media\/62700"}],"wp:attachment":[{"href":"https:\/\/www.epicerie-lasource.org\/magasin\/wp-json\/wp\/v2\/media?parent=46640"}],"wp:term":[{"taxonomy":"product_cat","embeddable":true,"href":"https:\/\/www.epicerie-lasource.org\/magasin\/wp-json\/wp\/v2\/product_cat?post=46640"},{"taxonomy":"product_tag","embeddable":true,"href":"https:\/\/www.epicerie-lasource.org\/magasin\/wp-json\/wp\/v2\/product_tag?post=46640"}],"curies":[{"name":"wp","href":"https:\/\/api.w.org\/{rel}","templated":true}]}}