{"id":46381,"date":"2024-06-28T14:48:06","date_gmt":"2024-06-28T12:48:06","guid":{"rendered":"https:\/\/www.epicerie-lasource.org\/magasin\/?post_type=product&#038;p=46381"},"modified":"2026-05-04T21:50:54","modified_gmt":"2026-05-04T19:50:54","slug":"kombucha-citron-et-gingembre-bio-consigne-pajottenlander-75-cl","status":"publish","type":"product","link":"https:\/\/www.epicerie-lasource.org\/magasin\/produit\/kombucha-citron-et-gingembre-bio-consigne-pajottenlander-75-cl\/","title":{"rendered":"Kombucha Citron et Gingembre bio (consign\u00e9) &#8211; Pajottenlander &#8211; 75 cl"},"content":{"rendered":"","protected":false},"excerpt":{"rendered":"<h5><span class=\"OYPEnA text-decoration-none text-strikethrough-none\"><strong> Kombuchas Bio de Pajottenlander en 75 cl<br \/>\nL\u00e9g\u00e8rement effervescent, agr\u00e9ablement acidul\u00e9 et pauvre en calories, notre cr\u00e9ation biologique de th\u00e9 ferment\u00e9 est fabriqu\u00e9e selon la recette originale avec une vari\u00e9t\u00e9 d\u2019herbes, de fleurs et de feuilles de th\u00e9.<\/strong> <\/span><\/h5>\n<p>Ingr\u00e9dients :<br \/>\nExtrait de th\u00e9 et d\u2019herbes* 96% (eau min\u00e9rale naturelle, th\u00e9 vert*, th\u00e9 noir*, feuilles de mat\u00e9*, fleurs de tilleul*, verveine citronn\u00e9e*, fleurs de bleuet*, m\u00e9lisse*, nanomenthe*, ortie*, gaillet*, fleur de sureau*, feuille de framboisier*, fleur de souci*, feuille de m\u00fbrier*, racine de r\u00e9glisse*), sucre de canne brut*, culture vivante de kombucha, gaz\u00e9ifi\u00e9<br \/>\nA conserver au frais apr\u00e8s ouverture.<br \/>\n* issu de l\u2019agriculture biologique<\/p>\n","protected":false},"featured_media":46427,"comment_status":"closed","ping_status":"closed","template":"","meta":[],"product_cat":[652,22,682,475],"product_tag":[],"supplier_id":23768,"supplier_sku":"","atum_controlled":true,"out_stock_date":null,"out_stock_threshold":null,"inheritable":false,"inbound_stock":null,"stock_on_hold":4,"sold_today":4,"sales_last_days":25,"out_stock_days":0,"lost_sales":0,"has_location":false,"update_date":"2026-05-04T17:50:57","atum_locations":[],"atum_stock_status":"onbackorder","restock_status":false,"low_stock_amount":6,"sales_update_date":"2026-05-04T17:50:57","calc_backorders":-14,"_links":{"self":[{"href":"https:\/\/www.epicerie-lasource.org\/magasin\/wp-json\/wp\/v2\/product\/46381"}],"collection":[{"href":"https:\/\/www.epicerie-lasource.org\/magasin\/wp-json\/wp\/v2\/product"}],"about":[{"href":"https:\/\/www.epicerie-lasource.org\/magasin\/wp-json\/wp\/v2\/types\/product"}],"replies":[{"embeddable":true,"href":"https:\/\/www.epicerie-lasource.org\/magasin\/wp-json\/wp\/v2\/comments?post=46381"}],"wp:featuredmedia":[{"embeddable":true,"href":"https:\/\/www.epicerie-lasource.org\/magasin\/wp-json\/wp\/v2\/media\/46427"}],"wp:attachment":[{"href":"https:\/\/www.epicerie-lasource.org\/magasin\/wp-json\/wp\/v2\/media?parent=46381"}],"wp:term":[{"taxonomy":"product_cat","embeddable":true,"href":"https:\/\/www.epicerie-lasource.org\/magasin\/wp-json\/wp\/v2\/product_cat?post=46381"},{"taxonomy":"product_tag","embeddable":true,"href":"https:\/\/www.epicerie-lasource.org\/magasin\/wp-json\/wp\/v2\/product_tag?post=46381"}],"curies":[{"name":"wp","href":"https:\/\/api.w.org\/{rel}","templated":true}]}}