{"id":45844,"date":"2024-06-03T20:37:50","date_gmt":"2024-06-03T18:37:50","guid":{"rendered":"https:\/\/www.epicerie-lasource.org\/magasin\/?post_type=product&#038;p=45844"},"modified":"2025-05-13T11:35:40","modified_gmt":"2025-05-13T09:35:40","slug":"savon-a-raser-surgras-vegetal-jolies-gambettes","status":"publish","type":"product","link":"https:\/\/www.epicerie-lasource.org\/magasin\/produit\/savon-a-raser-surgras-vegetal-jolies-gambettes\/","title":{"rendered":"Savon \u00e0 raser surgras v\u00e9g\u00e9tal Jolies gambettes"},"content":{"rendered":"","protected":false},"excerpt":{"rendered":"<div class=\"fl-col fl-node-kabpgw5mo4xu fl-col-small\" data-node=\"kabpgw5mo4xu\">\n<div class=\"fl-col-content fl-node-content\">\n<div class=\"fl-module fl-module-uabb-heading fl-node-0yuwxzv6trmn\" data-node=\"0yuwxzv6trmn\">\n<div class=\"fl-module-content fl-node-content\">\n<div class=\"uabb-module-content uabb-heading-wrapper uabb-heading-align- \">\n<div class=\"fl-col fl-node-kabpgw5mo4xu fl-col-small\" data-node=\"kabpgw5mo4xu\">\n<div class=\"fl-col-content fl-node-content\">\n<div class=\"fl-module fl-module-uabb-heading fl-node-0yuwxzv6trmn\" data-node=\"0yuwxzv6trmn\">\n<div class=\"fl-module-content fl-node-content\">\n<div class=\"uabb-module-content uabb-heading-wrapper uabb-heading-align- \">\n<div class=\"fl-col fl-node-kabpgw5mo4xu fl-col-small\" data-node=\"kabpgw5mo4xu\">\n<div class=\"fl-col-content fl-node-content\">\n<div class=\"fl-module fl-module-uabb-heading fl-node-0yuwxzv6trmn\" data-node=\"0yuwxzv6trmn\">\n<div class=\"fl-module-content fl-node-content\">\n<div class=\"uabb-module-content uabb-heading-wrapper uabb-heading-align- \">\n<div class=\"fl-col fl-node-kabpgw5mo4xu fl-col-small\" data-node=\"kabpgw5mo4xu\">\n<div class=\"fl-col-content fl-node-content\">\n<div class=\"fl-module fl-module-uabb-heading fl-node-0yuwxzv6trmn\" data-node=\"0yuwxzv6trmn\">\n<div class=\"fl-module-content fl-node-content\">\n<div class=\"uabb-module-content uabb-heading-wrapper uabb-heading-align- \">\n<div class=\"fl-col fl-node-kabpgw5mo4xu fl-col-small\" data-node=\"kabpgw5mo4xu\">\n<div class=\"fl-col-content fl-node-content\">\n<div class=\"fl-module fl-module-uabb-heading fl-node-0yuwxzv6trmn\" data-node=\"0yuwxzv6trmn\">\n<div class=\"fl-module-content fl-node-content\">\n<div class=\"uabb-module-content uabb-heading-wrapper uabb-heading-align- \">\n<div class=\"fl-col fl-node-kabpgw5mo4xu fl-col-small\" data-node=\"kabpgw5mo4xu\">\n<div class=\"fl-col-content fl-node-content\">\n<div class=\"fl-module fl-module-uabb-heading fl-node-0yuwxzv6trmn\" data-node=\"0yuwxzv6trmn\">\n<div class=\"fl-module-content fl-node-content\">\n<div class=\"uabb-module-content uabb-heading-wrapper uabb-heading-align- \">\n<div class=\"fl-col fl-node-kabpgw5mo4xu fl-col-small\" data-node=\"kabpgw5mo4xu\">\n<div class=\"fl-col-content fl-node-content\">\n<div class=\"fl-module fl-module-uabb-heading fl-node-0yuwxzv6trmn\" data-node=\"0yuwxzv6trmn\">\n<div class=\"fl-module-content fl-node-content\">\n<div class=\"uabb-module-content uabb-heading-wrapper uabb-heading-align- \">\n<div class=\"fl-col fl-node-kabpgw5mo4xu fl-col-small\" data-node=\"kabpgw5mo4xu\">\n<div class=\"fl-col-content fl-node-content\">\n<div class=\"fl-module fl-module-uabb-heading fl-node-0yuwxzv6trmn\" data-node=\"0yuwxzv6trmn\">\n<div class=\"fl-module-content fl-node-content\">\n<div class=\"uabb-module-content uabb-heading-wrapper uabb-heading-align- \">\n<div class=\"fl-col fl-node-kabpgw5mo4xu fl-col-small\" data-node=\"kabpgw5mo4xu\">\n<div class=\"fl-col-content fl-node-content\">\n<div class=\"fl-module fl-module-uabb-heading fl-node-0yuwxzv6trmn\" data-node=\"0yuwxzv6trmn\">\n<div class=\"fl-module-content fl-node-content\">\n<div class=\"uabb-module-content uabb-heading-wrapper uabb-heading-align- \">\n<div class=\"fl-col fl-node-kabpgw5mo4xu fl-col-small\" data-node=\"kabpgw5mo4xu\">\n<div class=\"fl-col-content fl-node-content\">\n<div class=\"fl-module fl-module-uabb-heading fl-node-0yuwxzv6trmn\" data-node=\"0yuwxzv6trmn\">\n<div class=\"fl-module-content fl-node-content\">\n<div class=\"uabb-module-content uabb-heading-wrapper uabb-heading-align- \">\n<div class=\"fl-col fl-node-kabpgw5mo4xu fl-col-small\" data-node=\"kabpgw5mo4xu\">\n<div class=\"fl-col-content fl-node-content\">\n<div class=\"fl-module fl-module-uabb-heading fl-node-0yuwxzv6trmn\" data-node=\"0yuwxzv6trmn\">\n<div class=\"fl-module-content fl-node-content\">\n<div class=\"uabb-module-content uabb-heading-wrapper uabb-heading-align- \">\n<div class=\"fl-col fl-node-kabpgw5mo4xu fl-col-small\" data-node=\"kabpgw5mo4xu\">\n<div class=\"fl-col-content fl-node-content\">\n<div class=\"fl-module fl-module-uabb-heading fl-node-0yuwxzv6trmn\" data-node=\"0yuwxzv6trmn\">\n<div class=\"fl-module-content fl-node-content\">\n<div class=\"uabb-module-content uabb-heading-wrapper uabb-heading-align- \">\n<div class=\"fl-col fl-node-kabpgw5mo4xu fl-col-small\" data-node=\"kabpgw5mo4xu\">\n<div class=\"fl-col-content fl-node-content\">\n<div class=\"fl-module fl-module-uabb-heading fl-node-0yuwxzv6trmn\" data-node=\"0yuwxzv6trmn\">\n<div class=\"fl-module-content fl-node-content\">\n<div class=\"uabb-module-content uabb-heading-wrapper uabb-heading-align- \">\n<div class=\"fl-col fl-node-kabpgw5mo4xu fl-col-small\" data-node=\"kabpgw5mo4xu\">\n<div class=\"fl-col-content fl-node-content\">\n<div class=\"fl-module fl-module-uabb-heading fl-node-0yuwxzv6trmn\" data-node=\"0yuwxzv6trmn\">\n<div class=\"fl-module-content fl-node-content\">\n<div class=\"uabb-module-content uabb-heading-wrapper uabb-heading-align- \">\n<div class=\"fl-col fl-node-kabpgw5mo4xu fl-col-small\" data-node=\"kabpgw5mo4xu\">\n<div class=\"fl-col-content fl-node-content\">\n<div class=\"fl-module fl-module-uabb-heading fl-node-0yuwxzv6trmn\" data-node=\"0yuwxzv6trmn\">\n<div class=\"fl-module-content fl-node-content\">\n<div class=\"uabb-module-content uabb-heading-wrapper uabb-heading-align- \">\n<h3 class=\"uabb-heading\"><span class=\"uabb-heading-text\">CONSEILS D&rsquo;UTILISATION<\/span><\/h3>\n<div class=\"uabb-subheading uabb-text-editor\">\n<p>Passer directement le savon sur le poil humide, cela ne fera pas de mousse, mais laissera une pellicule suffisante pour glisser le rasoir ou utiliser un blaireau de pr\u00e9f\u00e9rence pour obtenir une mousse onctueuse.<br \/>\nEvitez le contact avec les yeux.<\/p>\n<\/div>\n<\/div>\n<\/div>\n<\/div>\n<\/div>\n<\/div>\n<div class=\"fl-col fl-node-1o5bmlinhwty fl-col-small\" data-node=\"1o5bmlinhwty\">\n<div class=\"fl-col-content fl-node-content\">\n<div class=\"fl-module fl-module-uabb-heading fl-node-w45mpc9gtaid\" data-node=\"w45mpc9gtaid\">\n<div class=\"fl-module-content fl-node-content\">\n<div class=\"uabb-module-content uabb-heading-wrapper uabb-heading-align- \">\n<h3 class=\"uabb-heading\"><span class=\"uabb-heading-text\">COMPOSITION<\/span><\/h3>\n<div class=\"uabb-subheading uabb-text-editor\">\n<ul>\n<li>Ingr\u00e9dients : huile de noix de coco\u00b0*, huile d\u2019olice\u00b0*, huile de s\u00e9same\u00b0*, glyc\u00e9rine*, beurre de karit\u00e9 \u00e9quitable\u00b0*, huile de ricin\u00b0*, eau, huile de colza\u00b0*, huile de jojoba\u00b0*, argile blanche, huile essentielle de lits\u00e9e, de lavandin et de g\u00e9ranium.<\/li>\n<li>INCI : Sodium cocoate*, sodium olivate*, sodium sesameseedate*, glycerin*, sodium shea butterate*, sodium castorate*, aqua, sodium rapeseedate*, sodium jojobate*, kaolin, litsea cubeba fruit oil\u00b0, lavandula hybrida oil\u00b0, pelargonium graveolens oil\u00b0, citral**, linalool**, citronellol**, limonene**, geraniol**.<\/li>\n<\/ul>\n<p>*Ingr\u00e9dients issus de l\u2019agriculture biologique.<\/p>\n<p>** Compos\u00e9s naturellement pr\u00e9sents dans les huiles essentielles.<\/p>\n<p>\u00b0\u00a0Huile v\u00e9g\u00e9tale saponifi\u00e9e<\/p>\n<\/div>\n<\/div>\n<\/div>\n<\/div>\n<\/div>\n<\/div>\n<\/div>\n<\/div>\n<\/div>\n<\/div>\n<\/div>\n<\/div>\n<\/div>\n<\/div>\n<\/div>\n<\/div>\n<\/div>\n<\/div>\n<\/div>\n<\/div>\n<\/div>\n<\/div>\n<\/div>\n<\/div>\n<\/div>\n<\/div>\n<\/div>\n<\/div>\n<\/div>\n<\/div>\n<\/div>\n<\/div>\n<\/div>\n<\/div>\n<\/div>\n<\/div>\n<\/div>\n<\/div>\n<\/div>\n<\/div>\n<\/div>\n<\/div>\n<\/div>\n<\/div>\n<\/div>\n<\/div>\n<\/div>\n<\/div>\n<\/div>\n<\/div>\n<\/div>\n<\/div>\n<\/div>\n<\/div>\n<\/div>\n<\/div>\n<\/div>\n<\/div>\n<\/div>\n<\/div>\n<\/div>\n<\/div>\n<\/div>\n<\/div>\n<\/div>\n<\/div>\n<\/div>\n<\/div>\n<\/div>\n<\/div>\n<\/div>\n<\/div>\n<\/div>\n<\/div>\n<\/div>\n<\/div>\n<div class=\"uabb-subheading uabb-text-editor\">\n<p><strong>Poids : 90g<\/strong><\/p>\n<\/div>\n","protected":false},"featured_media":54348,"comment_status":"open","ping_status":"closed","template":"","meta":[],"product_cat":[207,652],"product_tag":[],"supplier_id":null,"supplier_sku":"","atum_controlled":true,"out_stock_date":null,"out_stock_threshold":null,"inheritable":false,"inbound_stock":null,"stock_on_hold":0,"sold_today":0,"sales_last_days":0,"out_stock_days":0,"lost_sales":0,"has_location":false,"update_date":"2026-04-13T22:11:50","atum_locations":[],"atum_stock_status":"instock","restock_status":false,"low_stock_amount":"","sales_update_date":"2026-04-13T22:11:50","calc_backorders":null,"_links":{"self":[{"href":"https:\/\/www.epicerie-lasource.org\/magasin\/wp-json\/wp\/v2\/product\/45844"}],"collection":[{"href":"https:\/\/www.epicerie-lasource.org\/magasin\/wp-json\/wp\/v2\/product"}],"about":[{"href":"https:\/\/www.epicerie-lasource.org\/magasin\/wp-json\/wp\/v2\/types\/product"}],"replies":[{"embeddable":true,"href":"https:\/\/www.epicerie-lasource.org\/magasin\/wp-json\/wp\/v2\/comments?post=45844"}],"wp:featuredmedia":[{"embeddable":true,"href":"https:\/\/www.epicerie-lasource.org\/magasin\/wp-json\/wp\/v2\/media\/54348"}],"wp:attachment":[{"href":"https:\/\/www.epicerie-lasource.org\/magasin\/wp-json\/wp\/v2\/media?parent=45844"}],"wp:term":[{"taxonomy":"product_cat","embeddable":true,"href":"https:\/\/www.epicerie-lasource.org\/magasin\/wp-json\/wp\/v2\/product_cat?post=45844"},{"taxonomy":"product_tag","embeddable":true,"href":"https:\/\/www.epicerie-lasource.org\/magasin\/wp-json\/wp\/v2\/product_tag?post=45844"}],"curies":[{"name":"wp","href":"https:\/\/api.w.org\/{rel}","templated":true}]}}