{"id":45800,"date":"2024-06-03T18:41:03","date_gmt":"2024-06-03T16:41:03","guid":{"rendered":"https:\/\/www.epicerie-lasource.org\/magasin\/?post_type=product&#038;p=45800"},"modified":"2026-04-08T17:41:35","modified_gmt":"2026-04-08T15:41:35","slug":"shampoing-solide-vegetal-neutre-sans-huile-essentielle-pour-cheveux-normaux","status":"publish","type":"product","link":"https:\/\/www.epicerie-lasource.org\/magasin\/produit\/shampoing-solide-vegetal-neutre-sans-huile-essentielle-pour-cheveux-normaux\/","title":{"rendered":"Shampoing solide v\u00e9g\u00e9tal &#8211; cheveux normaux sans huiles essentielles"},"content":{"rendered":"","protected":false},"excerpt":{"rendered":"<h3 class=\"uabb-heading\"><span class=\"uabb-heading-text\">CONSEILS D&rsquo;UTILISATION<\/span><\/h3>\n<div class=\"uabb-subheading uabb-text-editor\">\n<p>Mouiller les cheveux, passer la barre directement sur le cuir chevelu, frictionner pour faire mousser puis rincer.<br \/>\nNe pas utiliser chez l\u2019enfant de moins de 3 ans ni chez la femme enceinte ou allaitante. Evitez le contact avec les yeux.<br \/>\nPermet de faire environs 50 shampoings selon la longueur des cheveux.<\/p>\n<\/div>\n<div class=\"uabb-subheading uabb-text-editor\">\n<h3 class=\"uabb-heading\"><span class=\"uabb-heading-text\">COMPOSITION<\/span><\/h3>\n<div class=\"uabb-subheading uabb-text-editor\">\n<ul>\n<li>Composition :\u00a0 huile de noix de coco*\u00b0, Huile d\u2019olive vierge*\u00b0, huile de s\u00e9same*\u00b0, glyc\u00e9rine v\u00e9g\u00e9tale issue de la saponification, beurre de karit\u00e9*\u00b0, huile de ricin*\u00b0, eau, huile de colza*\u00b0, huile de jojoba*\u00b0.<\/li>\n<li>INCI :\u00a0 sodium cocoate*, sodium olivate*, sodium sesameseedate*, glycerin, sodium sheabutterate*, sodium castorate*, aqua, sodium rapeseedate*, sodium jojobate*.<\/li>\n<\/ul>\n<p>*Ingr\u00e9dients issus de l\u2019agriculture biologique.<\/p>\n<p>** Compos\u00e9s naturellement pr\u00e9sents dans les huiles essentielles.<\/p>\n<p>\u00b0\u00a0Huile v\u00e9g\u00e9tale saponifi\u00e9e<\/p>\n<\/div>\n<p><strong>Pain de 100g<\/strong><\/p>\n<\/div>\n","protected":false},"featured_media":45801,"comment_status":"open","ping_status":"closed","template":"","meta":[],"product_cat":[207],"product_tag":[],"supplier_id":null,"supplier_sku":"ANTHEYA","atum_controlled":true,"out_stock_date":null,"out_stock_threshold":null,"inheritable":false,"inbound_stock":null,"stock_on_hold":0,"sold_today":0,"sales_last_days":2,"out_stock_days":0,"lost_sales":0,"has_location":false,"update_date":"2026-04-09T22:11:51","atum_locations":[],"atum_stock_status":"outofstock","restock_status":false,"low_stock_amount":"","sales_update_date":"2026-04-09T22:11:51","calc_backorders":null,"_links":{"self":[{"href":"https:\/\/www.epicerie-lasource.org\/magasin\/wp-json\/wp\/v2\/product\/45800"}],"collection":[{"href":"https:\/\/www.epicerie-lasource.org\/magasin\/wp-json\/wp\/v2\/product"}],"about":[{"href":"https:\/\/www.epicerie-lasource.org\/magasin\/wp-json\/wp\/v2\/types\/product"}],"replies":[{"embeddable":true,"href":"https:\/\/www.epicerie-lasource.org\/magasin\/wp-json\/wp\/v2\/comments?post=45800"}],"wp:featuredmedia":[{"embeddable":true,"href":"https:\/\/www.epicerie-lasource.org\/magasin\/wp-json\/wp\/v2\/media\/45801"}],"wp:attachment":[{"href":"https:\/\/www.epicerie-lasource.org\/magasin\/wp-json\/wp\/v2\/media?parent=45800"}],"wp:term":[{"taxonomy":"product_cat","embeddable":true,"href":"https:\/\/www.epicerie-lasource.org\/magasin\/wp-json\/wp\/v2\/product_cat?post=45800"},{"taxonomy":"product_tag","embeddable":true,"href":"https:\/\/www.epicerie-lasource.org\/magasin\/wp-json\/wp\/v2\/product_tag?post=45800"}],"curies":[{"name":"wp","href":"https:\/\/api.w.org\/{rel}","templated":true}]}}