{"id":45797,"date":"2024-06-03T18:35:16","date_gmt":"2024-06-03T16:35:16","guid":{"rendered":"https:\/\/www.epicerie-lasource.org\/magasin\/?post_type=product&#038;p=45797"},"modified":"2026-03-18T17:44:53","modified_gmt":"2026-03-18T16:44:53","slug":"shampoing-solide-vegetal-a-la-prele-nourrissant-et-reparateur","status":"publish","type":"product","link":"https:\/\/www.epicerie-lasource.org\/magasin\/produit\/shampoing-solide-vegetal-a-la-prele-nourrissant-et-reparateur\/","title":{"rendered":"Shampoing solide v\u00e9g\u00e9tal -Le Nourrissant- cheveux normaux"},"content":{"rendered":"","protected":false},"excerpt":{"rendered":"<h3 class=\"uabb-heading\"><span class=\"uabb-heading-text\">CONSEILS D&rsquo;UTILISATION<\/span><\/h3>\n<div class=\"uabb-subheading uabb-text-editor\">\n<p>Mouiller les cheveux, passer la barre directement sur le cuir chevelu, frictionner pour faire mousser puis rincer.<br \/>\nNe pas utiliser chez l\u2019enfant de moins de 3 ans ni chez la femme enceinte ou allaitante. Evitez le contact avec les yeux.<br \/>\nPermet de faire environs 50 shampoings selon la longueur des cheveux.<\/p>\n<\/div>\n<div class=\"uabb-subheading uabb-text-editor\">\n<h3 class=\"uabb-heading\"><span class=\"uabb-heading-text\">COMPOSITION<\/span><\/h3>\n<div class=\"uabb-subheading uabb-text-editor\">\n<ul>\n<li>Huile d\u2019olive vierge*\u00b0, huile de noix de coco*\u00b0, huile de s\u00e9same*\u00b0, glyc\u00e9rine v\u00e9g\u00e9tale issue de la saponification, beurre de karit\u00e9*\u00b0, huile de ricin*\u00b0, eau, huile de colza*\u00b0, huile de jojoba*\u00b0, pr\u00eale*, huiles essentielles de citron*, de niaouli*, de c\u00e8dre de l\u2019atlas* et d\u2019ylang ylang*.<\/li>\n<li>INCI : sodium olivate*, sodium cocoate*, sodium sesameseedate*, glycerin, sodium sheabutterate*, sodium castorate*, aqua, sodium rapeseedate*, sodium jojobate*, equisetum arvense powder*, citrus limon peel oil*, melaleuca quinquenervia oil*, cedrus atlantica bark oil*, cananga odorata leaf oil*, limonene**, citral**, benzyl benzoate**, linalool**.<\/li>\n<\/ul>\n<p>*Ingr\u00e9dients issus de l\u2019agriculture biologique.<\/p>\n<p>** Compos\u00e9s naturellement pr\u00e9sents dans les huiles essentielles.<\/p>\n<p>\u00b0\u00a0Huile v\u00e9g\u00e9tale saponifi\u00e9e<\/p>\n<\/div>\n<p><strong>Pain de 100g<\/strong><\/p>\n<\/div>\n","protected":false},"featured_media":45798,"comment_status":"closed","ping_status":"closed","template":"","meta":[],"product_cat":[207],"product_tag":[],"supplier_id":null,"supplier_sku":"","atum_controlled":true,"out_stock_date":null,"out_stock_threshold":null,"inheritable":false,"inbound_stock":null,"stock_on_hold":0,"sold_today":0,"sales_last_days":1,"out_stock_days":0,"lost_sales":0,"has_location":false,"update_date":"2026-04-13T22:11:54","atum_locations":[],"atum_stock_status":"outofstock","restock_status":false,"low_stock_amount":"","sales_update_date":"2026-04-13T22:11:54","calc_backorders":null,"_links":{"self":[{"href":"https:\/\/www.epicerie-lasource.org\/magasin\/wp-json\/wp\/v2\/product\/45797"}],"collection":[{"href":"https:\/\/www.epicerie-lasource.org\/magasin\/wp-json\/wp\/v2\/product"}],"about":[{"href":"https:\/\/www.epicerie-lasource.org\/magasin\/wp-json\/wp\/v2\/types\/product"}],"replies":[{"embeddable":true,"href":"https:\/\/www.epicerie-lasource.org\/magasin\/wp-json\/wp\/v2\/comments?post=45797"}],"wp:featuredmedia":[{"embeddable":true,"href":"https:\/\/www.epicerie-lasource.org\/magasin\/wp-json\/wp\/v2\/media\/45798"}],"wp:attachment":[{"href":"https:\/\/www.epicerie-lasource.org\/magasin\/wp-json\/wp\/v2\/media?parent=45797"}],"wp:term":[{"taxonomy":"product_cat","embeddable":true,"href":"https:\/\/www.epicerie-lasource.org\/magasin\/wp-json\/wp\/v2\/product_cat?post=45797"},{"taxonomy":"product_tag","embeddable":true,"href":"https:\/\/www.epicerie-lasource.org\/magasin\/wp-json\/wp\/v2\/product_tag?post=45797"}],"curies":[{"name":"wp","href":"https:\/\/api.w.org\/{rel}","templated":true}]}}