{"id":45792,"date":"2024-06-03T18:06:31","date_gmt":"2024-06-03T16:06:31","guid":{"rendered":"https:\/\/www.epicerie-lasource.org\/magasin\/?post_type=product&#038;p=45792"},"modified":"2026-02-11T19:09:09","modified_gmt":"2026-02-11T18:09:09","slug":"shampoing-au-lait-de-chevre-cheveux-gras","status":"publish","type":"product","link":"https:\/\/www.epicerie-lasource.org\/magasin\/produit\/shampoing-au-lait-de-chevre-cheveux-gras\/","title":{"rendered":"Shampoing Solide au lait de ch\u00e8vre &#8211; Cheveux gras"},"content":{"rendered":"","protected":false},"excerpt":{"rendered":"<h3 class=\"uabb-heading\"><span class=\"uabb-heading-text\">CONSEILS D&rsquo;UTILISATION<\/span><\/h3>\n<div class=\"uabb-subheading uabb-text-editor\">\n<p>Mouiller les cheveux, passer la barre directement sur le cuir chevelu, frictionner pour faire mousser puis rincer.<br \/>\nEvitez le contact avec les yeux.<br \/>\nPermet de faire environs 50 shampoings selon la longueur des cheveux.<\/p>\n<h3 class=\"uabb-heading\"><span class=\"uabb-heading-text\">COMPOSITION<\/span><\/h3>\n<div class=\"uabb-subheading uabb-text-editor\">\n<ul>\n<li>Huile d\u2019olive vierge*\u00b0, huile de noix de coco*\u00b0, huile de s\u00e9same*\u00b0, glyc\u00e9rine v\u00e9g\u00e9tale issue de la saponification, lait de ch\u00e8vre*, bi\u00e8re*, beurre de karit\u00e9*\u00b0, huile de ricin*\u00b0, huile de colza*\u00b0, huile de jojoba*\u00b0, alo\u00e9 v\u00e9ra*, jaunes d\u2019\u0153ufs*, ortie*, inuline*, vitamine B5, huiles essentielles de citron*, de c\u00e8dre de l\u2019atlas*, de pamplemousse*, de sauge sclar\u00e9e* et de la levure de bi\u00e8re*.<\/li>\n<li>INCI: : sodium olivate*, sodium cocoate*, sodium sesameseedate*, glycerin, caprae lac*, beer*, sodium sheabutterate*, sodium castorate*, sodium rapeseedate*, sodium jojobate*, aloe barbadensis leaf juice*, ovum*, urtica dioica leaf extract*, inulin*, panthenol, citrus limon peel oil*, cedrus atlantica bark oil*, citrus paradisi peel oil*, salvia sclarea flower oil*, beer extract*, limonene**, linalool**, citral**.<\/li>\n<\/ul>\n<p>*Ingr\u00e9dients issus de l\u2019agriculture biologique.<\/p>\n<p>** Compos\u00e9s naturellement pr\u00e9sents dans les huiles essentielles.<\/p>\n<p>\u00b0\u00a0Huile v\u00e9g\u00e9tale saponifi\u00e9e<\/p>\n<\/div>\n<p>Pain de 100g<\/p>\n<\/div>\n","protected":false},"featured_media":45793,"comment_status":"closed","ping_status":"closed","template":"","meta":[],"product_cat":[207],"product_tag":[],"supplier_id":null,"supplier_sku":"","atum_controlled":true,"out_stock_date":"2026-02-11 18:09:09","out_stock_threshold":null,"inheritable":false,"inbound_stock":null,"stock_on_hold":0,"sold_today":0,"sales_last_days":0,"out_stock_days":62,"lost_sales":49.068571428571,"has_location":false,"update_date":"2026-04-14T22:12:16","atum_locations":[],"atum_stock_status":"outofstock","restock_status":false,"low_stock_amount":"","sales_update_date":"2026-04-14T22:12:15","calc_backorders":null,"_links":{"self":[{"href":"https:\/\/www.epicerie-lasource.org\/magasin\/wp-json\/wp\/v2\/product\/45792"}],"collection":[{"href":"https:\/\/www.epicerie-lasource.org\/magasin\/wp-json\/wp\/v2\/product"}],"about":[{"href":"https:\/\/www.epicerie-lasource.org\/magasin\/wp-json\/wp\/v2\/types\/product"}],"replies":[{"embeddable":true,"href":"https:\/\/www.epicerie-lasource.org\/magasin\/wp-json\/wp\/v2\/comments?post=45792"}],"wp:featuredmedia":[{"embeddable":true,"href":"https:\/\/www.epicerie-lasource.org\/magasin\/wp-json\/wp\/v2\/media\/45793"}],"wp:attachment":[{"href":"https:\/\/www.epicerie-lasource.org\/magasin\/wp-json\/wp\/v2\/media?parent=45792"}],"wp:term":[{"taxonomy":"product_cat","embeddable":true,"href":"https:\/\/www.epicerie-lasource.org\/magasin\/wp-json\/wp\/v2\/product_cat?post=45792"},{"taxonomy":"product_tag","embeddable":true,"href":"https:\/\/www.epicerie-lasource.org\/magasin\/wp-json\/wp\/v2\/product_tag?post=45792"}],"curies":[{"name":"wp","href":"https:\/\/api.w.org\/{rel}","templated":true}]}}