{"id":45686,"date":"2024-05-30T14:20:07","date_gmt":"2024-05-30T12:20:07","guid":{"rendered":"https:\/\/www.epicerie-lasource.org\/magasin\/?post_type=product&#038;p=45686"},"modified":"2026-04-30T19:11:51","modified_gmt":"2026-04-30T17:11:51","slug":"chips-bellevue-lopale-cuites-au-chaudron-150gr","status":"publish","type":"product","link":"https:\/\/www.epicerie-lasource.org\/magasin\/produit\/chips-bellevue-lopale-cuites-au-chaudron-150gr\/","title":{"rendered":"Chips Bellevue \u00ab\u00a0l&rsquo;opale\u00a0\u00bb Cuites au chaudron 150gr"},"content":{"rendered":"","protected":false},"excerpt":{"rendered":"<p>Chips ondul\u00e9es cuites au chaudron, sal\u00e9es \u00e0 la fleur de sel de l&rsquo;\u00eele de R\u00e9 locales produites \u00e0 la ferme de Sercus .<\/p>\n<p>Ingr\u00e9dients:<br \/>\n3 pommes de terre flamandes(74%), 1 cuill\u00e8re d&rsquo;huile de tournesol(25,5%), 1 pinc\u00e9e de fleur de sel de l&rsquo;\u00eele de R\u00e9 (0,5%) et rien de plus !<\/p>\n","protected":false},"featured_media":46291,"comment_status":"closed","ping_status":"closed","template":"","meta":[],"product_cat":[652,63,705],"product_tag":[],"supplier_id":null,"supplier_sku":"","atum_controlled":true,"out_stock_date":null,"out_stock_threshold":null,"inheritable":false,"inbound_stock":null,"stock_on_hold":0,"sold_today":0,"sales_last_days":5,"out_stock_days":0,"lost_sales":0,"has_location":false,"update_date":"2026-05-05T22:29:39","atum_locations":[],"atum_stock_status":"onbackorder","restock_status":false,"low_stock_amount":"","sales_update_date":"2026-05-05T22:29:39","calc_backorders":-94,"_links":{"self":[{"href":"https:\/\/www.epicerie-lasource.org\/magasin\/wp-json\/wp\/v2\/product\/45686"}],"collection":[{"href":"https:\/\/www.epicerie-lasource.org\/magasin\/wp-json\/wp\/v2\/product"}],"about":[{"href":"https:\/\/www.epicerie-lasource.org\/magasin\/wp-json\/wp\/v2\/types\/product"}],"replies":[{"embeddable":true,"href":"https:\/\/www.epicerie-lasource.org\/magasin\/wp-json\/wp\/v2\/comments?post=45686"}],"wp:featuredmedia":[{"embeddable":true,"href":"https:\/\/www.epicerie-lasource.org\/magasin\/wp-json\/wp\/v2\/media\/46291"}],"wp:attachment":[{"href":"https:\/\/www.epicerie-lasource.org\/magasin\/wp-json\/wp\/v2\/media?parent=45686"}],"wp:term":[{"taxonomy":"product_cat","embeddable":true,"href":"https:\/\/www.epicerie-lasource.org\/magasin\/wp-json\/wp\/v2\/product_cat?post=45686"},{"taxonomy":"product_tag","embeddable":true,"href":"https:\/\/www.epicerie-lasource.org\/magasin\/wp-json\/wp\/v2\/product_tag?post=45686"}],"curies":[{"name":"wp","href":"https:\/\/api.w.org\/{rel}","templated":true}]}}