{"id":43696,"date":"2024-02-22T10:17:34","date_gmt":"2024-02-22T09:17:34","guid":{"rendered":"https:\/\/www.epicerie-lasource.org\/magasin\/?post_type=product&#038;p=43696"},"modified":"2026-04-03T19:20:58","modified_gmt":"2026-04-03T17:20:58","slug":"arenas-madeleines-sachet-475-gr","status":"publish","type":"product","link":"https:\/\/www.epicerie-lasource.org\/magasin\/produit\/arenas-madeleines-sachet-475-gr\/","title":{"rendered":"ARENAS Madeleines sachet 475 gr"},"content":{"rendered":"","protected":false},"excerpt":{"rendered":"<p>ARENAS Madeleines sachet 475 gr<\/p>\n<h6>Ingr\u00e9dients:<br \/>\n<strong>Farine de bl\u00e9, sucre, huile de soja raffin\u00e9e, oeuf liquide pasteuris\u00e9, eau, sirop de glucose fructose, poudre \u00e0 lever, amidon de ma\u00efs, conservateur, stabilisants, ar\u00f4me de citron.<br \/>\nPeut contenir traces de lait et de fruits \u00e0 coque.<\/strong><\/h6>\n","protected":false},"featured_media":43697,"comment_status":"closed","ping_status":"closed","template":"","meta":[],"product_cat":[652,693],"product_tag":[],"supplier_id":null,"supplier_sku":"","atum_controlled":true,"out_stock_date":null,"out_stock_threshold":null,"inheritable":false,"inbound_stock":null,"stock_on_hold":0,"sold_today":2,"sales_last_days":12,"out_stock_days":0,"lost_sales":0,"has_location":false,"update_date":"2026-04-03T15:20:59","atum_locations":[],"atum_stock_status":"instock","restock_status":false,"low_stock_amount":6,"sales_update_date":"2026-04-03T15:20:59","calc_backorders":0,"_links":{"self":[{"href":"https:\/\/www.epicerie-lasource.org\/magasin\/wp-json\/wp\/v2\/product\/43696"}],"collection":[{"href":"https:\/\/www.epicerie-lasource.org\/magasin\/wp-json\/wp\/v2\/product"}],"about":[{"href":"https:\/\/www.epicerie-lasource.org\/magasin\/wp-json\/wp\/v2\/types\/product"}],"replies":[{"embeddable":true,"href":"https:\/\/www.epicerie-lasource.org\/magasin\/wp-json\/wp\/v2\/comments?post=43696"}],"wp:featuredmedia":[{"embeddable":true,"href":"https:\/\/www.epicerie-lasource.org\/magasin\/wp-json\/wp\/v2\/media\/43697"}],"wp:attachment":[{"href":"https:\/\/www.epicerie-lasource.org\/magasin\/wp-json\/wp\/v2\/media?parent=43696"}],"wp:term":[{"taxonomy":"product_cat","embeddable":true,"href":"https:\/\/www.epicerie-lasource.org\/magasin\/wp-json\/wp\/v2\/product_cat?post=43696"},{"taxonomy":"product_tag","embeddable":true,"href":"https:\/\/www.epicerie-lasource.org\/magasin\/wp-json\/wp\/v2\/product_tag?post=43696"}],"curies":[{"name":"wp","href":"https:\/\/api.w.org\/{rel}","templated":true}]}}