{"id":42804,"date":"2024-01-11T18:09:17","date_gmt":"2024-01-11T17:09:17","guid":{"rendered":"https:\/\/www.epicerie-lasource.org\/magasin\/?post_type=product&#038;p=42804"},"modified":"2025-10-29T19:17:24","modified_gmt":"2025-10-29T18:17:24","slug":"graines-de-cumin-bio-reemploi-id-bio","status":"publish","type":"product","link":"https:\/\/www.epicerie-lasource.org\/magasin\/produit\/graines-de-cumin-bio-reemploi-id-bio\/","title":{"rendered":"Graines de Cumin Bio (r\u00e9emploi) &#8211; ID Bio"},"content":{"rendered":"","protected":false},"excerpt":{"rendered":"<p>C\u2019est \u00e0 travers une d\u00e9marche \u00e9quitable qu&rsquo; ID BIO ont s\u00e9lectionn\u00e9 ce Cumin bio aupr\u00e8s de petites coop\u00e9ratives d\u2019agriculteurs en Inde.<\/p>\n<p>Le cumin en graines est la star des couscous, tajines, cakes \u2026 et parfumera aussi originalement vos pains ou salades. Sa saveur chaude et \u00e9pic\u00e9e, fait partie de toutes les cuisines du monde : indienne, orientale, chinoise, mexicaine \u2026 De plus, le cumin en graine favorise la digestion.<\/p>\n","protected":false},"featured_media":43016,"comment_status":"closed","ping_status":"closed","template":"","meta":[],"product_cat":[652,63,704],"product_tag":[],"supplier_id":23768,"supplier_sku":"","atum_controlled":true,"out_stock_date":"2025-10-29 18:17:24","out_stock_threshold":null,"inheritable":false,"inbound_stock":null,"stock_on_hold":0,"sold_today":0,"sales_last_days":0,"out_stock_days":189,"lost_sales":96.12,"has_location":false,"update_date":"2026-05-06T22:29:17","atum_locations":[],"atum_stock_status":"onbackorder","restock_status":false,"low_stock_amount":"","sales_update_date":"2026-05-06T22:29:17","calc_backorders":0,"_links":{"self":[{"href":"https:\/\/www.epicerie-lasource.org\/magasin\/wp-json\/wp\/v2\/product\/42804"}],"collection":[{"href":"https:\/\/www.epicerie-lasource.org\/magasin\/wp-json\/wp\/v2\/product"}],"about":[{"href":"https:\/\/www.epicerie-lasource.org\/magasin\/wp-json\/wp\/v2\/types\/product"}],"replies":[{"embeddable":true,"href":"https:\/\/www.epicerie-lasource.org\/magasin\/wp-json\/wp\/v2\/comments?post=42804"}],"wp:featuredmedia":[{"embeddable":true,"href":"https:\/\/www.epicerie-lasource.org\/magasin\/wp-json\/wp\/v2\/media\/43016"}],"wp:attachment":[{"href":"https:\/\/www.epicerie-lasource.org\/magasin\/wp-json\/wp\/v2\/media?parent=42804"}],"wp:term":[{"taxonomy":"product_cat","embeddable":true,"href":"https:\/\/www.epicerie-lasource.org\/magasin\/wp-json\/wp\/v2\/product_cat?post=42804"},{"taxonomy":"product_tag","embeddable":true,"href":"https:\/\/www.epicerie-lasource.org\/magasin\/wp-json\/wp\/v2\/product_tag?post=42804"}],"curies":[{"name":"wp","href":"https:\/\/api.w.org\/{rel}","templated":true}]}}