{"id":42607,"date":"2024-01-03T01:05:05","date_gmt":"2024-01-03T00:05:05","guid":{"rendered":"https:\/\/www.epicerie-lasource.org\/magasin\/?post_type=product&#038;p=42607"},"modified":"2026-03-29T19:25:57","modified_gmt":"2026-03-29T17:25:57","slug":"the-casbah-menthe-bio-la-route-des-comptoirs","status":"publish","type":"product","link":"https:\/\/www.epicerie-lasource.org\/magasin\/produit\/the-casbah-menthe-bio-la-route-des-comptoirs\/","title":{"rendered":"Th\u00e9 Casbah Menthe Bio &#8211; La route des comptoirs"},"content":{"rendered":"","protected":false},"excerpt":{"rendered":"<p>Toute la fra\u00eecheur et la magie de l\u2019Orient r\u00e9unies dans ce th\u00e9 CASBAH. Les feuilles de menthe pars\u00e8ment ce th\u00e9 vert\u00a0 Gunpowder et vous offrent un plaisir rafra\u00eechissant. Pour un vol direction Marrakech, agr\u00e9mentez-le de sucre si possible bio. Il se savoure aussi bien chaud que glac\u00e9 lorsque les temp\u00e9ratures s\u2019affolent.<\/p>\n<p>Ingr\u00e9dients : Th\u00e9 vert de Chine* (70%), menthe douce* (30%).<br \/>\n*: Ingr\u00e9dients issus de l&rsquo;agriculture biologique<\/p>\n","protected":false},"featured_media":42608,"comment_status":"closed","ping_status":"closed","template":"","meta":[],"product_cat":[180,714,652],"product_tag":[],"supplier_id":23768,"supplier_sku":"","atum_controlled":true,"out_stock_date":null,"out_stock_threshold":null,"inheritable":false,"inbound_stock":null,"stock_on_hold":0,"sold_today":0,"sales_last_days":0,"out_stock_days":0,"lost_sales":0,"has_location":false,"update_date":"2026-05-06T22:30:16","atum_locations":[],"atum_stock_status":"instock","restock_status":false,"low_stock_amount":1,"sales_update_date":"2026-05-06T22:30:16","calc_backorders":0,"_links":{"self":[{"href":"https:\/\/www.epicerie-lasource.org\/magasin\/wp-json\/wp\/v2\/product\/42607"}],"collection":[{"href":"https:\/\/www.epicerie-lasource.org\/magasin\/wp-json\/wp\/v2\/product"}],"about":[{"href":"https:\/\/www.epicerie-lasource.org\/magasin\/wp-json\/wp\/v2\/types\/product"}],"replies":[{"embeddable":true,"href":"https:\/\/www.epicerie-lasource.org\/magasin\/wp-json\/wp\/v2\/comments?post=42607"}],"wp:featuredmedia":[{"embeddable":true,"href":"https:\/\/www.epicerie-lasource.org\/magasin\/wp-json\/wp\/v2\/media\/42608"}],"wp:attachment":[{"href":"https:\/\/www.epicerie-lasource.org\/magasin\/wp-json\/wp\/v2\/media?parent=42607"}],"wp:term":[{"taxonomy":"product_cat","embeddable":true,"href":"https:\/\/www.epicerie-lasource.org\/magasin\/wp-json\/wp\/v2\/product_cat?post=42607"},{"taxonomy":"product_tag","embeddable":true,"href":"https:\/\/www.epicerie-lasource.org\/magasin\/wp-json\/wp\/v2\/product_tag?post=42607"}],"curies":[{"name":"wp","href":"https:\/\/api.w.org\/{rel}","templated":true}]}}