{"id":42606,"date":"2024-01-03T01:01:43","date_gmt":"2024-01-03T00:01:43","guid":{"rendered":"https:\/\/www.epicerie-lasource.org\/magasin\/?post_type=product&#038;p=42606"},"modified":"2026-01-27T16:17:45","modified_gmt":"2026-01-27T15:17:45","slug":"the-vert-earl-grey-bio-la-route-des-comptoirs","status":"publish","type":"product","link":"https:\/\/www.epicerie-lasource.org\/magasin\/produit\/the-vert-earl-grey-bio-la-route-des-comptoirs\/","title":{"rendered":"Th\u00e9 vert Earl Grey Bio -La route des comptoirs"},"content":{"rendered":"","protected":false},"excerpt":{"rendered":"<p>L\u2019\u00e9clatante et fra\u00eeche bergamote parfume ce th\u00e9 vert de Chine et r\u00e9veillera vos sens d\u00e8s votre r\u00e9veil. Un grand classique et un incontournable r\u00e9alis\u00e9 \u00e0 partir d\u2019huile essentielle 100% bio r\u00e9colt\u00e9e \u00e0 la main en Calabre, au sud de l\u2019Italie. Un assemblage qui enchantera les amateurs de th\u00e9 EARL GREY.<\/p>\n<p>Ingr\u00e9dients : Th\u00e9 vert de Chine* (97%), huile essentielle de bergamote* (3%).<br \/>\n*: Ingr\u00e9dients issus de l&rsquo;agriculture biologique<\/p>\n","protected":false},"featured_media":42609,"comment_status":"closed","ping_status":"closed","template":"","meta":[],"product_cat":[180,714,652],"product_tag":[],"supplier_id":23768,"supplier_sku":"","atum_controlled":true,"out_stock_date":null,"out_stock_threshold":null,"inheritable":false,"inbound_stock":null,"stock_on_hold":0,"sold_today":0,"sales_last_days":0,"out_stock_days":0,"lost_sales":0,"has_location":false,"update_date":"2026-05-05T22:30:25","atum_locations":[],"atum_stock_status":"instock","restock_status":false,"low_stock_amount":"","sales_update_date":"2026-05-05T22:30:25","calc_backorders":0,"_links":{"self":[{"href":"https:\/\/www.epicerie-lasource.org\/magasin\/wp-json\/wp\/v2\/product\/42606"}],"collection":[{"href":"https:\/\/www.epicerie-lasource.org\/magasin\/wp-json\/wp\/v2\/product"}],"about":[{"href":"https:\/\/www.epicerie-lasource.org\/magasin\/wp-json\/wp\/v2\/types\/product"}],"replies":[{"embeddable":true,"href":"https:\/\/www.epicerie-lasource.org\/magasin\/wp-json\/wp\/v2\/comments?post=42606"}],"wp:featuredmedia":[{"embeddable":true,"href":"https:\/\/www.epicerie-lasource.org\/magasin\/wp-json\/wp\/v2\/media\/42609"}],"wp:attachment":[{"href":"https:\/\/www.epicerie-lasource.org\/magasin\/wp-json\/wp\/v2\/media?parent=42606"}],"wp:term":[{"taxonomy":"product_cat","embeddable":true,"href":"https:\/\/www.epicerie-lasource.org\/magasin\/wp-json\/wp\/v2\/product_cat?post=42606"},{"taxonomy":"product_tag","embeddable":true,"href":"https:\/\/www.epicerie-lasource.org\/magasin\/wp-json\/wp\/v2\/product_tag?post=42606"}],"curies":[{"name":"wp","href":"https:\/\/api.w.org\/{rel}","templated":true}]}}