{"id":42604,"date":"2024-01-03T00:56:53","date_gmt":"2024-01-02T23:56:53","guid":{"rendered":"https:\/\/www.epicerie-lasource.org\/magasin\/?post_type=product&#038;p=42604"},"modified":"2025-11-28T13:47:49","modified_gmt":"2025-11-28T12:47:49","slug":"the-noir-darjeeling-bio-la-route-des-comptoirs","status":"publish","type":"product","link":"https:\/\/www.epicerie-lasource.org\/magasin\/produit\/the-noir-darjeeling-bio-la-route-des-comptoirs\/","title":{"rendered":"Th\u00e9 Noir Darjeeling Bio &#8211; La route des comptoirs"},"content":{"rendered":"","protected":false},"excerpt":{"rendered":"<p>Laissez-vous porter sur le toit du monde\u2026 Cultiv\u00e9 sur les contreforts de l\u2019Himalaya cet assemblage offre une infusion raffin\u00e9e aux saveurs douces et aux ar\u00f4mes intenses. Une liqueur unique et longue en bouche. A d\u00e9guster \u00e0 tout moment, notamment en apr\u00e8s-midi.<\/p>\n<p>Ingr\u00e9dients :<br \/>\nTh\u00e9 noir d&rsquo;Inde*.<br \/>\n*: Ingr\u00e9dients issus de l&rsquo;agriculture biologique<\/p>\n","protected":false},"featured_media":42605,"comment_status":"closed","ping_status":"closed","template":"","meta":[],"product_cat":[180,714,652],"product_tag":[],"supplier_id":23768,"supplier_sku":"","atum_controlled":true,"out_stock_date":null,"out_stock_threshold":null,"inheritable":false,"inbound_stock":null,"stock_on_hold":0,"sold_today":0,"sales_last_days":0,"out_stock_days":0,"lost_sales":0,"has_location":false,"update_date":"2026-05-05T22:31:30","atum_locations":[],"atum_stock_status":"instock","restock_status":false,"low_stock_amount":"","sales_update_date":"2026-05-05T22:31:30","calc_backorders":0,"_links":{"self":[{"href":"https:\/\/www.epicerie-lasource.org\/magasin\/wp-json\/wp\/v2\/product\/42604"}],"collection":[{"href":"https:\/\/www.epicerie-lasource.org\/magasin\/wp-json\/wp\/v2\/product"}],"about":[{"href":"https:\/\/www.epicerie-lasource.org\/magasin\/wp-json\/wp\/v2\/types\/product"}],"replies":[{"embeddable":true,"href":"https:\/\/www.epicerie-lasource.org\/magasin\/wp-json\/wp\/v2\/comments?post=42604"}],"wp:featuredmedia":[{"embeddable":true,"href":"https:\/\/www.epicerie-lasource.org\/magasin\/wp-json\/wp\/v2\/media\/42605"}],"wp:attachment":[{"href":"https:\/\/www.epicerie-lasource.org\/magasin\/wp-json\/wp\/v2\/media?parent=42604"}],"wp:term":[{"taxonomy":"product_cat","embeddable":true,"href":"https:\/\/www.epicerie-lasource.org\/magasin\/wp-json\/wp\/v2\/product_cat?post=42604"},{"taxonomy":"product_tag","embeddable":true,"href":"https:\/\/www.epicerie-lasource.org\/magasin\/wp-json\/wp\/v2\/product_tag?post=42604"}],"curies":[{"name":"wp","href":"https:\/\/api.w.org\/{rel}","templated":true}]}}