{"id":41960,"date":"2023-12-06T10:14:07","date_gmt":"2023-12-06T09:14:07","guid":{"rendered":"https:\/\/www.epicerie-lasource.org\/magasin\/?post_type=product&#038;p=41960"},"modified":"2026-04-13T16:46:14","modified_gmt":"2026-04-13T14:46:14","slug":"ferment-pour-yaourt-brasse-bio-bio-2x6-g","status":"publish","type":"product","link":"https:\/\/www.epicerie-lasource.org\/magasin\/produit\/ferment-pour-yaourt-brasse-bio-bio-2x6-g\/","title":{"rendered":"Ferment pour yaourt brass\u00e9 bio &#8211; Bio &#8211; 2&#215;6 g"},"content":{"rendered":"","protected":false},"excerpt":{"rendered":"<p>Ferments lyophilis\u00e9s &#8211; Pr\u00e9paration en poudre pour yaourt &#8211; sachet 2x6g<\/p>\n<p>Les deux bact\u00e9ries bienfaisantes du ferment pour yaourt sont le Streptococcus thermophilus et le Lactobacillus bulgaricus. Tous deux op\u00e8rent en symbiose pour la transformation du lait en yaourt \u00e0 une temp\u00e9rature de plus ou moins 40\u00b0C.<\/p>\n<p>Le sachet double dose permet de faire 8 yaourts de 125mL.<\/p>\n","protected":false},"featured_media":41961,"comment_status":"closed","ping_status":"closed","template":"","meta":[],"product_cat":[710,711,652,64,698],"product_tag":[],"supplier_id":23768,"supplier_sku":"","atum_controlled":true,"out_stock_date":null,"out_stock_threshold":null,"inheritable":false,"inbound_stock":null,"stock_on_hold":0,"sold_today":0,"sales_last_days":1,"out_stock_days":0,"lost_sales":0,"has_location":false,"update_date":"2026-04-30T22:27:26","atum_locations":[],"atum_stock_status":"instock","restock_status":false,"low_stock_amount":1,"sales_update_date":"2026-04-30T22:27:26","calc_backorders":0,"_links":{"self":[{"href":"https:\/\/www.epicerie-lasource.org\/magasin\/wp-json\/wp\/v2\/product\/41960"}],"collection":[{"href":"https:\/\/www.epicerie-lasource.org\/magasin\/wp-json\/wp\/v2\/product"}],"about":[{"href":"https:\/\/www.epicerie-lasource.org\/magasin\/wp-json\/wp\/v2\/types\/product"}],"replies":[{"embeddable":true,"href":"https:\/\/www.epicerie-lasource.org\/magasin\/wp-json\/wp\/v2\/comments?post=41960"}],"wp:featuredmedia":[{"embeddable":true,"href":"https:\/\/www.epicerie-lasource.org\/magasin\/wp-json\/wp\/v2\/media\/41961"}],"wp:attachment":[{"href":"https:\/\/www.epicerie-lasource.org\/magasin\/wp-json\/wp\/v2\/media?parent=41960"}],"wp:term":[{"taxonomy":"product_cat","embeddable":true,"href":"https:\/\/www.epicerie-lasource.org\/magasin\/wp-json\/wp\/v2\/product_cat?post=41960"},{"taxonomy":"product_tag","embeddable":true,"href":"https:\/\/www.epicerie-lasource.org\/magasin\/wp-json\/wp\/v2\/product_tag?post=41960"}],"curies":[{"name":"wp","href":"https:\/\/api.w.org\/{rel}","templated":true}]}}