{"id":41789,"date":"2024-11-28T11:37:30","date_gmt":"2024-11-28T10:37:30","guid":{"rendered":"https:\/\/www.epicerie-lasource.org\/magasin\/?post_type=product&#038;p=41789"},"modified":"2025-12-05T19:07:53","modified_gmt":"2025-12-05T18:07:53","slug":"clairette-de-die-tradition-aoc-bio-bouteille-75cl","status":"publish","type":"product","link":"https:\/\/www.epicerie-lasource.org\/magasin\/produit\/clairette-de-die-tradition-aoc-bio-bouteille-75cl\/","title":{"rendered":"Clairette de Die Tradition AOC BIO bouteille 75cl"},"content":{"rendered":"","protected":false},"excerpt":{"rendered":"<p>Ce vin est vinifi\u00e9 selon la m\u00e9thode dioise ancestrale. Cette cuv\u00e9e c\u00e9l\u00e8bre la grande d\u00e9esse Cyb\u00e8le, gardienne des savoirs et symbole de la nature sauvage. Aspect : robe brillante, or p\u00e2le, bulle fine. Nez : p\u00e2te de coing, herbe fra\u00eeche, notes de fruits exotiques (mangue). Bouche : mousse onctueuse, bouche \u00e9quilibr\u00e9e alliant complexit\u00e9 et l\u00e9g\u00e8ret\u00e9, belle persistance aromatique sur des notes de tilleul ou de verveine.<\/p>\n","protected":false},"featured_media":41790,"comment_status":"closed","ping_status":"closed","template":"","meta":[],"product_cat":[652,22,683,473],"product_tag":[],"supplier_id":23966,"supplier_sku":"","atum_controlled":true,"out_stock_date":"2025-12-05 18:07:53","out_stock_threshold":null,"inheritable":false,"inbound_stock":null,"stock_on_hold":0,"sold_today":0,"sales_last_days":0,"out_stock_days":146,"lost_sales":149.96285714286,"has_location":false,"update_date":"2026-04-30T22:27:14","atum_locations":[],"atum_stock_status":"outofstock","restock_status":false,"low_stock_amount":1,"sales_update_date":"2026-04-30T22:27:14","calc_backorders":null,"_links":{"self":[{"href":"https:\/\/www.epicerie-lasource.org\/magasin\/wp-json\/wp\/v2\/product\/41789"}],"collection":[{"href":"https:\/\/www.epicerie-lasource.org\/magasin\/wp-json\/wp\/v2\/product"}],"about":[{"href":"https:\/\/www.epicerie-lasource.org\/magasin\/wp-json\/wp\/v2\/types\/product"}],"replies":[{"embeddable":true,"href":"https:\/\/www.epicerie-lasource.org\/magasin\/wp-json\/wp\/v2\/comments?post=41789"}],"wp:featuredmedia":[{"embeddable":true,"href":"https:\/\/www.epicerie-lasource.org\/magasin\/wp-json\/wp\/v2\/media\/41790"}],"wp:attachment":[{"href":"https:\/\/www.epicerie-lasource.org\/magasin\/wp-json\/wp\/v2\/media?parent=41789"}],"wp:term":[{"taxonomy":"product_cat","embeddable":true,"href":"https:\/\/www.epicerie-lasource.org\/magasin\/wp-json\/wp\/v2\/product_cat?post=41789"},{"taxonomy":"product_tag","embeddable":true,"href":"https:\/\/www.epicerie-lasource.org\/magasin\/wp-json\/wp\/v2\/product_tag?post=41789"}],"curies":[{"name":"wp","href":"https:\/\/api.w.org\/{rel}","templated":true}]}}