{"id":41615,"date":"2023-11-22T15:38:15","date_gmt":"2023-11-22T14:38:15","guid":{"rendered":"https:\/\/www.epicerie-lasource.org\/magasin\/?post_type=product&#038;p=41615"},"modified":"2026-02-18T21:36:12","modified_gmt":"2026-02-18T20:36:12","slug":"biere-cannelle-coucke-prestige-vieillie-en-barrique-75cl-bouteille-consignee","status":"publish","type":"product","link":"https:\/\/www.epicerie-lasource.org\/magasin\/produit\/biere-cannelle-coucke-prestige-vieillie-en-barrique-75cl-bouteille-consignee\/","title":{"rendered":"Bi\u00e8re Cannelle Coucke Prestige -vieillie en barrique- 75cl (Bouteille Consign\u00e9e)"},"content":{"rendered":"","protected":false},"excerpt":{"rendered":"<p>Bi\u00e8re Cannelle Coucke \u00ab\u00a0Prestige\u00a0\u00bb 10,8\u00b0 en 75 cl\/<br \/>\nBrass\u00e9e par Les enfants de Jean Bart \u00e0 Dunkerque !<\/p>\n","protected":false},"featured_media":41620,"comment_status":"closed","ping_status":"closed","template":"","meta":[],"product_cat":[652,22,474],"product_tag":[],"supplier_id":23772,"supplier_sku":"","atum_controlled":true,"out_stock_date":null,"out_stock_threshold":null,"inheritable":false,"inbound_stock":null,"stock_on_hold":0,"sold_today":0,"sales_last_days":0,"out_stock_days":0,"lost_sales":0,"has_location":false,"update_date":"2026-05-05T22:30:12","atum_locations":[],"atum_stock_status":"instock","restock_status":false,"low_stock_amount":"","sales_update_date":"2026-05-05T22:30:11","calc_backorders":0,"_links":{"self":[{"href":"https:\/\/www.epicerie-lasource.org\/magasin\/wp-json\/wp\/v2\/product\/41615"}],"collection":[{"href":"https:\/\/www.epicerie-lasource.org\/magasin\/wp-json\/wp\/v2\/product"}],"about":[{"href":"https:\/\/www.epicerie-lasource.org\/magasin\/wp-json\/wp\/v2\/types\/product"}],"replies":[{"embeddable":true,"href":"https:\/\/www.epicerie-lasource.org\/magasin\/wp-json\/wp\/v2\/comments?post=41615"}],"wp:featuredmedia":[{"embeddable":true,"href":"https:\/\/www.epicerie-lasource.org\/magasin\/wp-json\/wp\/v2\/media\/41620"}],"wp:attachment":[{"href":"https:\/\/www.epicerie-lasource.org\/magasin\/wp-json\/wp\/v2\/media?parent=41615"}],"wp:term":[{"taxonomy":"product_cat","embeddable":true,"href":"https:\/\/www.epicerie-lasource.org\/magasin\/wp-json\/wp\/v2\/product_cat?post=41615"},{"taxonomy":"product_tag","embeddable":true,"href":"https:\/\/www.epicerie-lasource.org\/magasin\/wp-json\/wp\/v2\/product_tag?post=41615"}],"curies":[{"name":"wp","href":"https:\/\/api.w.org\/{rel}","templated":true}]}}