{"id":41561,"date":"2023-11-20T20:56:05","date_gmt":"2023-11-20T19:56:05","guid":{"rendered":"https:\/\/www.epicerie-lasource.org\/magasin\/?post_type=product&#038;p=41561"},"modified":"2025-12-08T17:19:59","modified_gmt":"2025-12-08T16:19:59","slug":"disque-a-demaquiller-x-80-silvercare","status":"publish","type":"product","link":"https:\/\/www.epicerie-lasource.org\/magasin\/produit\/disque-a-demaquiller-x-80-silvercare\/","title":{"rendered":"Disque \u00e0 d\u00e9maquiller x 80 &#8211; Silvercare"},"content":{"rendered":"","protected":false},"excerpt":{"rendered":"<p>Les Disques \u00e0 d\u00e9maquiller de Silver Care ont une double face: une douce et absorbante, parfaite pour les zones les plus d\u00e9licates du visage. Une seconde trame, id\u00e9ale pour un nettoyage en profondeur mais sans irritant ni exfoliant. Ils ne se d\u00e9sagr\u00e8gent pas et ne laissent pas de fibres sur la peau pendant l&rsquo;utilisation.<\/p>\n<p><strong>Pur coton biologique certifi\u00e9 (100%)<\/strong><\/p>\n","protected":false},"featured_media":41562,"comment_status":"closed","ping_status":"closed","template":"","meta":[],"product_cat":[207,652],"product_tag":[],"supplier_id":35273,"supplier_sku":"","atum_controlled":true,"out_stock_date":null,"out_stock_threshold":null,"inheritable":false,"inbound_stock":null,"stock_on_hold":0,"sold_today":0,"sales_last_days":0,"out_stock_days":0,"lost_sales":0,"has_location":false,"update_date":"2026-05-01T22:28:39","atum_locations":[],"atum_stock_status":"instock","restock_status":false,"low_stock_amount":"","sales_update_date":"2026-05-01T22:28:39","calc_backorders":0,"_links":{"self":[{"href":"https:\/\/www.epicerie-lasource.org\/magasin\/wp-json\/wp\/v2\/product\/41561"}],"collection":[{"href":"https:\/\/www.epicerie-lasource.org\/magasin\/wp-json\/wp\/v2\/product"}],"about":[{"href":"https:\/\/www.epicerie-lasource.org\/magasin\/wp-json\/wp\/v2\/types\/product"}],"replies":[{"embeddable":true,"href":"https:\/\/www.epicerie-lasource.org\/magasin\/wp-json\/wp\/v2\/comments?post=41561"}],"wp:featuredmedia":[{"embeddable":true,"href":"https:\/\/www.epicerie-lasource.org\/magasin\/wp-json\/wp\/v2\/media\/41562"}],"wp:attachment":[{"href":"https:\/\/www.epicerie-lasource.org\/magasin\/wp-json\/wp\/v2\/media?parent=41561"}],"wp:term":[{"taxonomy":"product_cat","embeddable":true,"href":"https:\/\/www.epicerie-lasource.org\/magasin\/wp-json\/wp\/v2\/product_cat?post=41561"},{"taxonomy":"product_tag","embeddable":true,"href":"https:\/\/www.epicerie-lasource.org\/magasin\/wp-json\/wp\/v2\/product_tag?post=41561"}],"curies":[{"name":"wp","href":"https:\/\/api.w.org\/{rel}","templated":true}]}}