{"id":41248,"date":"2023-11-06T19:14:38","date_gmt":"2023-11-06T18:14:38","guid":{"rendered":"https:\/\/www.epicerie-lasource.org\/magasin\/?post_type=product&#038;p=41248"},"modified":"2026-04-01T20:11:11","modified_gmt":"2026-04-01T18:11:11","slug":"vrac-farine-de-riz-bio","status":"publish","type":"product","link":"https:\/\/www.epicerie-lasource.org\/magasin\/produit\/vrac-farine-de-riz-bio\/","title":{"rendered":"Vrac- Farine de Riz Bio &#8211; Markal"},"content":{"rendered":"","protected":false},"excerpt":{"rendered":"<p>Farine de Riz\u00a0 issu de l&rsquo;agriculture biologique*<\/p>\n<p>La farine de riz donnera une texture friable \u00e0 vos pr\u00e9parations. Vous pouvez donc la m\u00e9langer avec d&rsquo;autres farines avec ou sans gluten pour apporter du moelleux \u00e0 vos r\u00e9alisations.<\/p>\n<p>&nbsp;<\/p>\n","protected":false},"featured_media":41252,"comment_status":"closed","ping_status":"closed","template":"","meta":[],"product_cat":[715,652,63,703],"product_tag":[],"supplier_id":null,"supplier_sku":"","atum_controlled":true,"out_stock_date":null,"out_stock_threshold":null,"inheritable":true,"inbound_stock":null,"stock_on_hold":0,"sold_today":0,"sales_last_days":0,"out_stock_days":0,"lost_sales":0,"has_location":false,"update_date":"2026-05-03T22:30:17","atum_locations":[],"atum_stock_status":"onbackorder","restock_status":false,"low_stock_amount":"","sales_update_date":"2026-05-03T22:30:17","calc_backorders":-6.2,"_links":{"self":[{"href":"https:\/\/www.epicerie-lasource.org\/magasin\/wp-json\/wp\/v2\/product\/41248"}],"collection":[{"href":"https:\/\/www.epicerie-lasource.org\/magasin\/wp-json\/wp\/v2\/product"}],"about":[{"href":"https:\/\/www.epicerie-lasource.org\/magasin\/wp-json\/wp\/v2\/types\/product"}],"replies":[{"embeddable":true,"href":"https:\/\/www.epicerie-lasource.org\/magasin\/wp-json\/wp\/v2\/comments?post=41248"}],"wp:featuredmedia":[{"embeddable":true,"href":"https:\/\/www.epicerie-lasource.org\/magasin\/wp-json\/wp\/v2\/media\/41252"}],"wp:attachment":[{"href":"https:\/\/www.epicerie-lasource.org\/magasin\/wp-json\/wp\/v2\/media?parent=41248"}],"wp:term":[{"taxonomy":"product_cat","embeddable":true,"href":"https:\/\/www.epicerie-lasource.org\/magasin\/wp-json\/wp\/v2\/product_cat?post=41248"},{"taxonomy":"product_tag","embeddable":true,"href":"https:\/\/www.epicerie-lasource.org\/magasin\/wp-json\/wp\/v2\/product_tag?post=41248"}],"curies":[{"name":"wp","href":"https:\/\/api.w.org\/{rel}","templated":true}]}}