{"id":40878,"date":"2023-10-23T20:11:13","date_gmt":"2023-10-23T18:11:13","guid":{"rendered":"https:\/\/www.epicerie-lasource.org\/magasin\/?post_type=product&#038;p=40878"},"modified":"2026-04-30T18:20:14","modified_gmt":"2026-04-30T16:20:14","slug":"tuiles-gout-creme-oignons-paquet-170g","status":"publish","type":"product","link":"https:\/\/www.epicerie-lasource.org\/magasin\/produit\/tuiles-gout-creme-oignons-paquet-170g\/","title":{"rendered":"Tuiles go\u00fbt cr\u00e8me oignons paquet 170g"},"content":{"rendered":"","protected":false},"excerpt":{"rendered":"<p>Flocons de pomme de terre (52%), huile de tournesol (23%), amidons de BL\u00c9 et de pommes de terre, sirop de glucose, ar\u00f4me naturel, oignon (0,6%), huile de colza, \u00e9mulsifiant : mono- et diglyc\u00e9rides d\u2019acides gras, sel, cr\u00e8me (0,09%) (contient du LAIT).<\/p>\n","protected":false},"featured_media":40879,"comment_status":"closed","ping_status":"closed","template":"","meta":[],"product_cat":[652,63,705],"product_tag":[],"supplier_id":23966,"supplier_sku":"","atum_controlled":true,"out_stock_date":null,"out_stock_threshold":null,"inheritable":false,"inbound_stock":null,"stock_on_hold":0,"sold_today":0,"sales_last_days":8,"out_stock_days":0,"lost_sales":0,"has_location":false,"update_date":"2026-05-05T22:29:36","atum_locations":[],"atum_stock_status":"instock","restock_status":false,"low_stock_amount":3,"sales_update_date":"2026-05-05T22:29:36","calc_backorders":null,"_links":{"self":[{"href":"https:\/\/www.epicerie-lasource.org\/magasin\/wp-json\/wp\/v2\/product\/40878"}],"collection":[{"href":"https:\/\/www.epicerie-lasource.org\/magasin\/wp-json\/wp\/v2\/product"}],"about":[{"href":"https:\/\/www.epicerie-lasource.org\/magasin\/wp-json\/wp\/v2\/types\/product"}],"replies":[{"embeddable":true,"href":"https:\/\/www.epicerie-lasource.org\/magasin\/wp-json\/wp\/v2\/comments?post=40878"}],"wp:featuredmedia":[{"embeddable":true,"href":"https:\/\/www.epicerie-lasource.org\/magasin\/wp-json\/wp\/v2\/media\/40879"}],"wp:attachment":[{"href":"https:\/\/www.epicerie-lasource.org\/magasin\/wp-json\/wp\/v2\/media?parent=40878"}],"wp:term":[{"taxonomy":"product_cat","embeddable":true,"href":"https:\/\/www.epicerie-lasource.org\/magasin\/wp-json\/wp\/v2\/product_cat?post=40878"},{"taxonomy":"product_tag","embeddable":true,"href":"https:\/\/www.epicerie-lasource.org\/magasin\/wp-json\/wp\/v2\/product_tag?post=40878"}],"curies":[{"name":"wp","href":"https:\/\/api.w.org\/{rel}","templated":true}]}}