{"id":40864,"date":"2023-10-23T19:54:32","date_gmt":"2023-10-23T17:54:32","guid":{"rendered":"https:\/\/www.epicerie-lasource.org\/magasin\/?post_type=product&#038;p=40864"},"modified":"2026-04-27T21:55:41","modified_gmt":"2026-04-27T19:55:41","slug":"biscuits-epeautre-sesame-bio","status":"publish","type":"product","link":"https:\/\/www.epicerie-lasource.org\/magasin\/produit\/biscuits-epeautre-sesame-bio\/","title":{"rendered":"Biscuits \u00e9peautre s\u00e9same BIO &#8211; 150g"},"content":{"rendered":"","protected":false},"excerpt":{"rendered":"<p>Farines de BL\u00c9* et de petit \u00c9PEAUTRE* (16,5%), sucre*, huile de tournesol*, graines de S\u00c9SAME* 11%, amidon de BL\u00c9, LAIT \u00e9cr\u00e9m\u00e9 en poudre*, poudres \u00e0 lever: (carbonates d&rsquo;ammonium et de sodium) , sel marin non raffin\u00e9, ar\u00f4me naturel vanille, antioxydant: extraits de romarin*. *Ingr\u00e9dients issus de l&rsquo;agriculture biologique.<\/p>\n","protected":false},"featured_media":40865,"comment_status":"closed","ping_status":"closed","template":"","meta":[],"product_cat":[652,64,693],"product_tag":[],"supplier_id":23966,"supplier_sku":"","atum_controlled":true,"out_stock_date":null,"out_stock_threshold":null,"inheritable":false,"inbound_stock":null,"stock_on_hold":0,"sold_today":0,"sales_last_days":6,"out_stock_days":0,"lost_sales":0,"has_location":false,"update_date":"2026-04-30T11:24:00","atum_locations":[],"atum_stock_status":"instock","restock_status":false,"low_stock_amount":6,"sales_update_date":"2026-04-30T11:24:00","calc_backorders":0,"_links":{"self":[{"href":"https:\/\/www.epicerie-lasource.org\/magasin\/wp-json\/wp\/v2\/product\/40864"}],"collection":[{"href":"https:\/\/www.epicerie-lasource.org\/magasin\/wp-json\/wp\/v2\/product"}],"about":[{"href":"https:\/\/www.epicerie-lasource.org\/magasin\/wp-json\/wp\/v2\/types\/product"}],"replies":[{"embeddable":true,"href":"https:\/\/www.epicerie-lasource.org\/magasin\/wp-json\/wp\/v2\/comments?post=40864"}],"wp:featuredmedia":[{"embeddable":true,"href":"https:\/\/www.epicerie-lasource.org\/magasin\/wp-json\/wp\/v2\/media\/40865"}],"wp:attachment":[{"href":"https:\/\/www.epicerie-lasource.org\/magasin\/wp-json\/wp\/v2\/media?parent=40864"}],"wp:term":[{"taxonomy":"product_cat","embeddable":true,"href":"https:\/\/www.epicerie-lasource.org\/magasin\/wp-json\/wp\/v2\/product_cat?post=40864"},{"taxonomy":"product_tag","embeddable":true,"href":"https:\/\/www.epicerie-lasource.org\/magasin\/wp-json\/wp\/v2\/product_tag?post=40864"}],"curies":[{"name":"wp","href":"https:\/\/api.w.org\/{rel}","templated":true}]}}