{"id":40078,"date":"2023-09-20T16:50:36","date_gmt":"2023-09-20T14:50:36","guid":{"rendered":"https:\/\/www.epicerie-lasource.org\/magasin\/?post_type=product&#038;p=40078"},"modified":"2026-03-04T20:51:49","modified_gmt":"2026-03-04T19:51:49","slug":"biere-exutoire-brasserie-des-4-ecluses-33-cl","status":"publish","type":"product","link":"https:\/\/www.epicerie-lasource.org\/magasin\/produit\/biere-exutoire-brasserie-des-4-ecluses-33-cl\/","title":{"rendered":"Bi\u00e8re Exutoire Brasserie des 4 Ecluses 33 cl"},"content":{"rendered":"","protected":false},"excerpt":{"rendered":"<p>Bi\u00e8re \u00e9ph\u00e9m\u00e8re au poivre sauvage de Madagascar, \u00e0 la cannelle et aux clous de girofle.<br \/>\nMade in Dk<br \/>\n33 cl<br \/>\n6\u00b0<\/p>\n","protected":false},"featured_media":26250,"comment_status":"closed","ping_status":"closed","template":"","meta":[],"product_cat":[652,22,474],"product_tag":[],"supplier_id":23771,"supplier_sku":"","atum_controlled":true,"out_stock_date":null,"out_stock_threshold":null,"inheritable":false,"inbound_stock":null,"stock_on_hold":0,"sold_today":0,"sales_last_days":0,"out_stock_days":0,"lost_sales":0,"has_location":false,"update_date":"2026-05-05T22:30:30","atum_locations":[],"atum_stock_status":"onbackorder","restock_status":false,"low_stock_amount":"","sales_update_date":"2026-05-05T22:30:30","calc_backorders":-40,"_links":{"self":[{"href":"https:\/\/www.epicerie-lasource.org\/magasin\/wp-json\/wp\/v2\/product\/40078"}],"collection":[{"href":"https:\/\/www.epicerie-lasource.org\/magasin\/wp-json\/wp\/v2\/product"}],"about":[{"href":"https:\/\/www.epicerie-lasource.org\/magasin\/wp-json\/wp\/v2\/types\/product"}],"replies":[{"embeddable":true,"href":"https:\/\/www.epicerie-lasource.org\/magasin\/wp-json\/wp\/v2\/comments?post=40078"}],"wp:featuredmedia":[{"embeddable":true,"href":"https:\/\/www.epicerie-lasource.org\/magasin\/wp-json\/wp\/v2\/media\/26250"}],"wp:attachment":[{"href":"https:\/\/www.epicerie-lasource.org\/magasin\/wp-json\/wp\/v2\/media?parent=40078"}],"wp:term":[{"taxonomy":"product_cat","embeddable":true,"href":"https:\/\/www.epicerie-lasource.org\/magasin\/wp-json\/wp\/v2\/product_cat?post=40078"},{"taxonomy":"product_tag","embeddable":true,"href":"https:\/\/www.epicerie-lasource.org\/magasin\/wp-json\/wp\/v2\/product_tag?post=40078"}],"curies":[{"name":"wp","href":"https:\/\/api.w.org\/{rel}","templated":true}]}}