{"id":39530,"date":"2023-08-30T14:03:59","date_gmt":"2023-08-30T12:03:59","guid":{"rendered":"https:\/\/www.epicerie-lasource.org\/magasin\/?post_type=product&#038;p=39530"},"modified":"2025-02-21T16:10:31","modified_gmt":"2025-02-21T15:10:31","slug":"coriandre-en-graine-bio-reemploi-id-bio","status":"publish","type":"product","link":"https:\/\/www.epicerie-lasource.org\/magasin\/produit\/coriandre-en-graine-bio-reemploi-id-bio\/","title":{"rendered":"Coriandre en gra\u00eene bio (r\u00e9emploi) &#8211; ID Bio"},"content":{"rendered":"","protected":false},"excerpt":{"rendered":"<p>C\u2019est \u00e0 travers une d\u00e9marche \u00e9quitable qu&rsquo; ID BIO a s\u00e9lectionn\u00e9 leur Coriandre bio aupr\u00e8s de petites coop\u00e9ratives d\u2019agriculteurs en Inde.<\/p>\n<p>La saveur des graines de coriandre est tr\u00e8s diff\u00e9rente de celle des feuilles de coriandre. Ces petites graines sont indispensables dans la pr\u00e9paration des marinades mais aussi des plats indiens.<\/p>\n<p>Petit conseil : vous pouvez broyer les graines de coriandre et les ajouter \u00e0 la fin de la cuisson d\u2019une viande par exemple.<\/p>\n<p>Si vous avez besoin d\u2019utiliser les graines enti\u00e8res, nous vous conseillons de les faire griller quelques secondes \u00e0 la po\u00eale \u00e0 sec, afin d\u2019en d\u00e9cupler les parfums.<\/p>\n","protected":false},"featured_media":40049,"comment_status":"closed","ping_status":"closed","template":"","meta":[],"product_cat":[652,63,704],"product_tag":[],"supplier_id":23768,"supplier_sku":"","atum_controlled":true,"out_stock_date":null,"out_stock_threshold":null,"inheritable":false,"inbound_stock":null,"stock_on_hold":0,"sold_today":0,"sales_last_days":0,"out_stock_days":0,"lost_sales":0,"has_location":false,"update_date":"2026-05-06T22:28:38","atum_locations":[],"atum_stock_status":"onbackorder","restock_status":false,"low_stock_amount":"","sales_update_date":"2026-05-06T22:28:38","calc_backorders":-1,"_links":{"self":[{"href":"https:\/\/www.epicerie-lasource.org\/magasin\/wp-json\/wp\/v2\/product\/39530"}],"collection":[{"href":"https:\/\/www.epicerie-lasource.org\/magasin\/wp-json\/wp\/v2\/product"}],"about":[{"href":"https:\/\/www.epicerie-lasource.org\/magasin\/wp-json\/wp\/v2\/types\/product"}],"replies":[{"embeddable":true,"href":"https:\/\/www.epicerie-lasource.org\/magasin\/wp-json\/wp\/v2\/comments?post=39530"}],"wp:featuredmedia":[{"embeddable":true,"href":"https:\/\/www.epicerie-lasource.org\/magasin\/wp-json\/wp\/v2\/media\/40049"}],"wp:attachment":[{"href":"https:\/\/www.epicerie-lasource.org\/magasin\/wp-json\/wp\/v2\/media?parent=39530"}],"wp:term":[{"taxonomy":"product_cat","embeddable":true,"href":"https:\/\/www.epicerie-lasource.org\/magasin\/wp-json\/wp\/v2\/product_cat?post=39530"},{"taxonomy":"product_tag","embeddable":true,"href":"https:\/\/www.epicerie-lasource.org\/magasin\/wp-json\/wp\/v2\/product_tag?post=39530"}],"curies":[{"name":"wp","href":"https:\/\/api.w.org\/{rel}","templated":true}]}}