{"id":39500,"date":"2023-08-28T11:52:27","date_gmt":"2023-08-28T09:52:27","guid":{"rendered":"https:\/\/www.epicerie-lasource.org\/magasin\/?post_type=product&#038;p=39500"},"modified":"2025-11-24T12:01:01","modified_gmt":"2025-11-24T11:01:01","slug":"boite-de-5-recharges-universelles-classiques","status":"publish","type":"product","link":"https:\/\/www.epicerie-lasource.org\/magasin\/produit\/boite-de-5-recharges-universelles-classiques\/","title":{"rendered":"Bo\u00eete de 5 recharges universelles classiques- Filtre eau"},"content":{"rendered":"","protected":false},"excerpt":{"rendered":"<p>Contient 5 recharges de 125 ml : chaque recharge peut filtrer 120 litres en moyenne<br \/>\nFiltre et r\u00e9duit le tartre, le chlore, les pesticides, le plomb, les r\u00e9sidus de m\u00e9dicaments &#8230;<br \/>\nFiltre convenant \u00e0 des eaux particuli\u00e8rement dures<\/p>\n","protected":false},"featured_media":41218,"comment_status":"closed","ping_status":"closed","template":"","meta":[],"product_cat":[256,324,652],"product_tag":[],"supplier_id":24929,"supplier_sku":"","atum_controlled":true,"out_stock_date":"2025-11-24 11:01:01","out_stock_threshold":null,"inheritable":false,"inbound_stock":null,"stock_on_hold":0,"sold_today":0,"sales_last_days":0,"out_stock_days":168,"lost_sales":399.6,"has_location":false,"update_date":"2026-05-11T22:43:18","atum_locations":[],"atum_stock_status":"outofstock","restock_status":false,"low_stock_amount":"","sales_update_date":"2026-05-11T22:43:18","calc_backorders":null,"_links":{"self":[{"href":"https:\/\/www.epicerie-lasource.org\/magasin\/wp-json\/wp\/v2\/product\/39500"}],"collection":[{"href":"https:\/\/www.epicerie-lasource.org\/magasin\/wp-json\/wp\/v2\/product"}],"about":[{"href":"https:\/\/www.epicerie-lasource.org\/magasin\/wp-json\/wp\/v2\/types\/product"}],"replies":[{"embeddable":true,"href":"https:\/\/www.epicerie-lasource.org\/magasin\/wp-json\/wp\/v2\/comments?post=39500"}],"wp:featuredmedia":[{"embeddable":true,"href":"https:\/\/www.epicerie-lasource.org\/magasin\/wp-json\/wp\/v2\/media\/41218"}],"wp:attachment":[{"href":"https:\/\/www.epicerie-lasource.org\/magasin\/wp-json\/wp\/v2\/media?parent=39500"}],"wp:term":[{"taxonomy":"product_cat","embeddable":true,"href":"https:\/\/www.epicerie-lasource.org\/magasin\/wp-json\/wp\/v2\/product_cat?post=39500"},{"taxonomy":"product_tag","embeddable":true,"href":"https:\/\/www.epicerie-lasource.org\/magasin\/wp-json\/wp\/v2\/product_tag?post=39500"}],"curies":[{"name":"wp","href":"https:\/\/api.w.org\/{rel}","templated":true}]}}