{"id":39016,"date":"2023-08-03T14:45:55","date_gmt":"2023-08-03T12:45:55","guid":{"rendered":"https:\/\/www.epicerie-lasource.org\/magasin\/?post_type=product&#038;p=39016"},"modified":"2026-04-27T20:17:07","modified_gmt":"2026-04-27T18:17:07","slug":"caserecce-epautre-demi-complete-500gr-iris","status":"publish","type":"product","link":"https:\/\/www.epicerie-lasource.org\/magasin\/produit\/caserecce-epautre-demi-complete-500gr-iris\/","title":{"rendered":"Caserecce \u00e9pautre demi-compl\u00e8te 500gr \u00ab\u00a0Iris\u00a0\u00bb"},"content":{"rendered":"","protected":false},"excerpt":{"rendered":"<p>Ingr\u00e9dients :\u00a0Farine d&rsquo;\u00e9peautre Tritticum dicoccum, eau<\/p>\n<p>Temps de cuisson :\u00a07 \u2013 8 min<\/p>\n<p>L&rsquo;\u00e9peautre est un bl\u00e9 ancien qui n&rsquo;a pas subit de transformation pour l&rsquo;industrie. Il contient donc moins de gluten, et plus digeste, riche en min\u00e9raux.<\/p>\n<p>P\u00e2tes d&rsquo;\u00e9peautre biologique \u00e9tir\u00e9 au bronze, ces p\u00e2tes sont id\u00e9ales pour\u00a0 les sportifs, elles se dig\u00e8rent lentement, elles calent bien, donc on en mange moins.<\/p>\n<p>Elles ont un bon go\u00fbt de c\u00e9r\u00e9ales.<\/p>\n","protected":false},"featured_media":39017,"comment_status":"closed","ping_status":"closed","template":"","meta":[],"product_cat":[652,63,700],"product_tag":[],"supplier_id":23768,"supplier_sku":"","atum_controlled":true,"out_stock_date":null,"out_stock_threshold":null,"inheritable":false,"inbound_stock":null,"stock_on_hold":0,"sold_today":0,"sales_last_days":7.5,"out_stock_days":0,"lost_sales":0,"has_location":false,"update_date":"2026-05-05T22:29:34","atum_locations":[],"atum_stock_status":"instock","restock_status":false,"low_stock_amount":4,"sales_update_date":"2026-05-05T22:29:34","calc_backorders":0,"_links":{"self":[{"href":"https:\/\/www.epicerie-lasource.org\/magasin\/wp-json\/wp\/v2\/product\/39016"}],"collection":[{"href":"https:\/\/www.epicerie-lasource.org\/magasin\/wp-json\/wp\/v2\/product"}],"about":[{"href":"https:\/\/www.epicerie-lasource.org\/magasin\/wp-json\/wp\/v2\/types\/product"}],"replies":[{"embeddable":true,"href":"https:\/\/www.epicerie-lasource.org\/magasin\/wp-json\/wp\/v2\/comments?post=39016"}],"wp:featuredmedia":[{"embeddable":true,"href":"https:\/\/www.epicerie-lasource.org\/magasin\/wp-json\/wp\/v2\/media\/39017"}],"wp:attachment":[{"href":"https:\/\/www.epicerie-lasource.org\/magasin\/wp-json\/wp\/v2\/media?parent=39016"}],"wp:term":[{"taxonomy":"product_cat","embeddable":true,"href":"https:\/\/www.epicerie-lasource.org\/magasin\/wp-json\/wp\/v2\/product_cat?post=39016"},{"taxonomy":"product_tag","embeddable":true,"href":"https:\/\/www.epicerie-lasource.org\/magasin\/wp-json\/wp\/v2\/product_tag?post=39016"}],"curies":[{"name":"wp","href":"https:\/\/api.w.org\/{rel}","templated":true}]}}