{"id":39014,"date":"2023-08-03T14:37:35","date_gmt":"2023-08-03T12:37:35","guid":{"rendered":"https:\/\/www.epicerie-lasource.org\/magasin\/?post_type=product&#038;p=39014"},"modified":"2026-01-15T21:50:33","modified_gmt":"2026-01-15T20:50:33","slug":"savon-detachant-au-bicarbonate-le-lingot-80gr","status":"publish","type":"product","link":"https:\/\/www.epicerie-lasource.org\/magasin\/produit\/savon-detachant-au-bicarbonate-le-lingot-80gr\/","title":{"rendered":"Savon d\u00e9tachant au bicarbonate le lingot 80gr"},"content":{"rendered":"","protected":false},"excerpt":{"rendered":"<div class=\"block-product-view avantages padding-md Red margin-bottom-md\">\n<div class=\"block-title\"><strong>100 % huiles v\u00e9g\u00e9tales &#8211; L&rsquo;efficacit\u00e9 sans fiel de boeuf<\/strong><\/div>\n<p>Ces petits blocs de savon de Marseille enrichis au bicarbonate (25 % en poids) sont <strong> un v\u00e9ritable concentr\u00e9 d&rsquo;efficacit\u00e9 au naturel: pas d&rsquo;additifs conservateurs, parfums ou colorants de synth\u00e8se, pas de fiel de boeuf\u00a0<\/strong>&#8230; du v\u00e9ritable savon de Marseille cuit au chaudron dans la plus pure tradition des ma\u00eetres savonniers de la Savonnerie du s\u00e9rail \u00e0 Marseille, du bicarbonate de soude de qualit\u00e9 alimentaire de fabrication fran\u00e7aise&#8230; <strong>et c&rsquo;est TOUT ! <\/strong>L&rsquo;innovation dans le respect des produits nobles et de la tradition&#8230; \u00abS\u00fbr, Simple et Sens\u00e9\u00bb, c&rsquo;est la devise de la Compagnie du Bicarbonate. Et <strong>sans fiel de boeuf pour le respect des animaux<\/strong> d&rsquo;\u00e9levage. Voir le mode d&#8217;emploi \u00e0 droite sur cette page.<\/p>\n<\/div>\n<ul>\n<li>Utilisation simple et efficace: <strong>mouiller le tissus \u00e0 l&rsquo;eau et frotter le savon<\/strong>. Tr\u00e8s performant sur les cols de chemises et toutes les \u00a0t\u00e2ches rebelles.<\/li>\n<li>Utilisable aussi <strong>avec une \u00e9ponge<\/strong>: frotter le savon avec une \u00e9ponge humide, puis nettoyer<strong> toutes les surfaces<\/strong>, y compris les surfaces alimentaire.<\/li>\n<li>Formule \u00e9cologique: aucun additif conservateur, colorant ou parfum de synth\u00e8se.<\/li>\n<li><strong>Fabriqu\u00e9 \u00e0 Marseille<\/strong><\/li>\n<li><strong>Respecte la peau et l&rsquo;environnement<\/strong>: l&rsquo;absence d&rsquo;additif limite les risques de r\u00e9action allergique<\/li>\n<li>Peut \u00eatre utilis\u00e9 <strong>sur tous les tissus.<\/strong><\/li>\n<li>Conserver au sec.<\/li>\n<\/ul>\n","protected":false},"featured_media":40040,"comment_status":"closed","ping_status":"closed","template":"","meta":[],"product_cat":[324,652],"product_tag":[],"supplier_id":23768,"supplier_sku":"","atum_controlled":true,"out_stock_date":null,"out_stock_threshold":null,"inheritable":false,"inbound_stock":null,"stock_on_hold":0,"sold_today":0,"sales_last_days":0,"out_stock_days":0,"lost_sales":0,"has_location":false,"update_date":"2026-05-09T22:30:44","atum_locations":[],"atum_stock_status":"instock","restock_status":false,"low_stock_amount":"","sales_update_date":"2026-05-09T22:30:44","calc_backorders":0,"_links":{"self":[{"href":"https:\/\/www.epicerie-lasource.org\/magasin\/wp-json\/wp\/v2\/product\/39014"}],"collection":[{"href":"https:\/\/www.epicerie-lasource.org\/magasin\/wp-json\/wp\/v2\/product"}],"about":[{"href":"https:\/\/www.epicerie-lasource.org\/magasin\/wp-json\/wp\/v2\/types\/product"}],"replies":[{"embeddable":true,"href":"https:\/\/www.epicerie-lasource.org\/magasin\/wp-json\/wp\/v2\/comments?post=39014"}],"wp:featuredmedia":[{"embeddable":true,"href":"https:\/\/www.epicerie-lasource.org\/magasin\/wp-json\/wp\/v2\/media\/40040"}],"wp:attachment":[{"href":"https:\/\/www.epicerie-lasource.org\/magasin\/wp-json\/wp\/v2\/media?parent=39014"}],"wp:term":[{"taxonomy":"product_cat","embeddable":true,"href":"https:\/\/www.epicerie-lasource.org\/magasin\/wp-json\/wp\/v2\/product_cat?post=39014"},{"taxonomy":"product_tag","embeddable":true,"href":"https:\/\/www.epicerie-lasource.org\/magasin\/wp-json\/wp\/v2\/product_tag?post=39014"}],"curies":[{"name":"wp","href":"https:\/\/api.w.org\/{rel}","templated":true}]}}