{"id":37646,"date":"2023-05-31T14:12:45","date_gmt":"2023-05-31T12:12:45","guid":{"rendered":"https:\/\/www.epicerie-lasource.org\/magasin\/?post_type=product&#038;p=37646"},"modified":"2026-03-30T12:04:54","modified_gmt":"2026-03-30T10:04:54","slug":"genevieve-triple-95-33cl-thiriez","status":"publish","type":"product","link":"https:\/\/www.epicerie-lasource.org\/magasin\/produit\/genevieve-triple-95-33cl-thiriez\/","title":{"rendered":"Genevi\u00e8ve triple 9,5\u00b0 &#8211; 33cl Thiriez"},"content":{"rendered":"","protected":false},"excerpt":{"rendered":"<p>Bi\u00e8re Triple aux baies de geni\u00e8vre m\u00fbrie 3 mois en barriques de Geni\u00e8vre de Houlle<br \/>\n33 cl &#8211; 9,5%<\/p>\n","protected":false},"featured_media":37571,"comment_status":"closed","ping_status":"closed","template":"","meta":[],"product_cat":[22,474],"product_tag":[],"supplier_id":23770,"supplier_sku":"","atum_controlled":true,"out_stock_date":null,"out_stock_threshold":null,"inheritable":false,"inbound_stock":null,"stock_on_hold":0,"sold_today":0,"sales_last_days":0,"out_stock_days":0,"lost_sales":0,"has_location":false,"update_date":"2026-05-04T22:29:11","atum_locations":[],"atum_stock_status":"onbackorder","restock_status":false,"low_stock_amount":"","sales_update_date":"2026-05-04T22:29:11","calc_backorders":-13,"_links":{"self":[{"href":"https:\/\/www.epicerie-lasource.org\/magasin\/wp-json\/wp\/v2\/product\/37646"}],"collection":[{"href":"https:\/\/www.epicerie-lasource.org\/magasin\/wp-json\/wp\/v2\/product"}],"about":[{"href":"https:\/\/www.epicerie-lasource.org\/magasin\/wp-json\/wp\/v2\/types\/product"}],"replies":[{"embeddable":true,"href":"https:\/\/www.epicerie-lasource.org\/magasin\/wp-json\/wp\/v2\/comments?post=37646"}],"wp:featuredmedia":[{"embeddable":true,"href":"https:\/\/www.epicerie-lasource.org\/magasin\/wp-json\/wp\/v2\/media\/37571"}],"wp:attachment":[{"href":"https:\/\/www.epicerie-lasource.org\/magasin\/wp-json\/wp\/v2\/media?parent=37646"}],"wp:term":[{"taxonomy":"product_cat","embeddable":true,"href":"https:\/\/www.epicerie-lasource.org\/magasin\/wp-json\/wp\/v2\/product_cat?post=37646"},{"taxonomy":"product_tag","embeddable":true,"href":"https:\/\/www.epicerie-lasource.org\/magasin\/wp-json\/wp\/v2\/product_tag?post=37646"}],"curies":[{"name":"wp","href":"https:\/\/api.w.org\/{rel}","templated":true}]}}