{"id":37433,"date":"2023-05-21T20:53:07","date_gmt":"2023-05-21T18:53:07","guid":{"rendered":"https:\/\/www.epicerie-lasource.org\/magasin\/?post_type=product&#038;p=37433"},"modified":"2026-04-27T20:55:05","modified_gmt":"2026-04-27T18:55:05","slug":"biscuits-batonnets-chocolat-lait-bio-pqt-125-grs","status":"publish","type":"product","link":"https:\/\/www.epicerie-lasource.org\/magasin\/produit\/biscuits-batonnets-chocolat-lait-bio-pqt-125-grs\/","title":{"rendered":"Biscuits Batonnets Chocolat Lait Bio pqt 125 Grs"},"content":{"rendered":"","protected":false},"excerpt":{"rendered":"<p>Chocolat au LAIT* 48%, (sucre de canne*, BEURRE de cacao*, LAIT entier en poudre*, p\u00e2te de cacao*), farine de BL\u00c9* 34%, sucre de canne*, huile de tournesol*, \u0152UFS entiers*, sel marin, ar\u00f4me naturel. *Ingr\u00e9dients issus de l&rsquo;agriculture biologique.<\/p>\n","protected":false},"featured_media":37294,"comment_status":"closed","ping_status":"closed","template":"","meta":[],"product_cat":[64,693],"product_tag":[],"supplier_id":23966,"supplier_sku":"","atum_controlled":true,"out_stock_date":null,"out_stock_threshold":null,"inheritable":false,"inbound_stock":null,"stock_on_hold":1,"sold_today":0,"sales_last_days":11,"out_stock_days":0,"lost_sales":0,"has_location":false,"update_date":"2026-04-30T13:15:14","atum_locations":[],"atum_stock_status":"instock","restock_status":true,"low_stock_amount":6,"sales_update_date":"2026-04-30T13:15:14","calc_backorders":0,"_links":{"self":[{"href":"https:\/\/www.epicerie-lasource.org\/magasin\/wp-json\/wp\/v2\/product\/37433"}],"collection":[{"href":"https:\/\/www.epicerie-lasource.org\/magasin\/wp-json\/wp\/v2\/product"}],"about":[{"href":"https:\/\/www.epicerie-lasource.org\/magasin\/wp-json\/wp\/v2\/types\/product"}],"replies":[{"embeddable":true,"href":"https:\/\/www.epicerie-lasource.org\/magasin\/wp-json\/wp\/v2\/comments?post=37433"}],"wp:featuredmedia":[{"embeddable":true,"href":"https:\/\/www.epicerie-lasource.org\/magasin\/wp-json\/wp\/v2\/media\/37294"}],"wp:attachment":[{"href":"https:\/\/www.epicerie-lasource.org\/magasin\/wp-json\/wp\/v2\/media?parent=37433"}],"wp:term":[{"taxonomy":"product_cat","embeddable":true,"href":"https:\/\/www.epicerie-lasource.org\/magasin\/wp-json\/wp\/v2\/product_cat?post=37433"},{"taxonomy":"product_tag","embeddable":true,"href":"https:\/\/www.epicerie-lasource.org\/magasin\/wp-json\/wp\/v2\/product_tag?post=37433"}],"curies":[{"name":"wp","href":"https:\/\/api.w.org\/{rel}","templated":true}]}}